{"id":1044,"date":"2026-03-03T09:54:57","date_gmt":"2026-03-03T09:54:57","guid":{"rendered":"https:\/\/www.jmcifrepiscinas.com\/rechtliche-hinweise\/"},"modified":"2026-03-25T14:32:28","modified_gmt":"2026-03-25T14:32:28","slug":"rechtliche-hinweise","status":"publish","type":"page","link":"https:\/\/www.jmcifrepiscinas.com\/de\/rechtliche-hinweise\/","title":{"rendered":"Rechtliche Hinweise"},"content":{"rendered":"<p>[et_pb_section fb_built=&#8220;1&#8243; custom_padding_last_edited=&#8220;on|phone&#8220; admin_label=&#8220;HERO CONTACTO&#8220; module_id=&#8220;Hero&#8220; _builder_version=&#8220;4.27.6&#8243; _module_preset=&#8220;default&#8220; background_color=&#8220;#76C0C1&#8243; background_enable_image=&#8220;off&#8220; parallax=&#8220;on&#8220; background_blend=&#8220;multiply&#8220; custom_padding=&#8220;90px||90px||true|false&#8220; custom_padding_tablet=&#8220;90px||90px||true|false&#8220; custom_padding_phone=&#8220;120px||120px||true|false&#8220; locked=&#8220;off&#8220; collapsed=&#8220;off&#8220; global_colors_info=&#8220;{}&#8220;][et_pb_row _builder_version=&#8220;4.27.6&#8243; _module_preset=&#8220;default&#8220; width=&#8220;90%&#8220; max_width=&#8220;90%&#8220; global_colors_info=&#8220;{}&#8220;][et_pb_column type=&#8220;4_4&#8243; _builder_version=&#8220;4.27.4&#8243; _module_preset=&#8220;default&#8220; global_colors_info=&#8220;{}&#8220;][et_pb_text admin_label=&#8220;HERO CONTACTO&#8220; _builder_version=&#8220;4.27.6&#8243; _module_preset=&#8220;default&#8220; header_font=&#8220;Source Sans 3|900||on|||||&#8220; header_text_color=&#8220;#0C2731&#8243; header_font_size=&#8220;56px&#8220; max_width=&#8220;720px&#8220; module_alignment=&#8220;left&#8220; custom_margin=&#8220;||0px||false|false&#8220; custom_padding=&#8220;||0px||false|false&#8220; header_font_size_tablet=&#8220;36px&#8220; header_font_size_phone=&#8220;32px&#8220; header_font_size_last_edited=&#8220;on|phone&#8220; global_colors_info=&#8220;{}&#8220;]<\/p>\n<h1>Rechtliche Hinweise<\/h1>\n<p>[\/et_pb_text][\/et_pb_column][\/et_pb_row][\/et_pb_section][et_pb_section fb_built=&#8220;1&#8243; admin_label=&#8220;Nuestro Concepto \/ Quienes Somos&#8220; module_id=&#8220;Despensa&#8220; _builder_version=&#8220;4.27.5&#8243; _module_preset=&#8220;default&#8220; background_color=&#8220;#FAFAF7&#8243; background_enable_image=&#8220;off&#8220; parallax=&#8220;on&#8220; custom_padding=&#8220;80px||80px||true|false&#8220; locked=&#8220;off&#8220; collapsed=&#8220;off&#8220; global_colors_info=&#8220;{}&#8220;][et_pb_row use_custom_gutter=&#8220;on&#8220; make_equal=&#8220;on&#8220; module_id=&#8220;Formulario&#8220; _builder_version=&#8220;4.27.4&#8243; _module_preset=&#8220;default&#8220; background_enable_color=&#8220;off&#8220; width=&#8220;90%&#8220; width_tablet=&#8220;90%&#8220; width_phone=&#8220;90%&#8220; width_last_edited=&#8220;on|tablet&#8220; max_width=&#8220;90%&#8220; max_width_tablet=&#8220;90%&#8220; max_width_phone=&#8220;90%&#8220; max_width_last_edited=&#8220;on|desktop&#8220; custom_margin=&#8220;0px||0px||false|false&#8220; custom_padding=&#8220;0px||0px||false|false&#8220; global_colors_info=&#8220;{}&#8220; custom_css_main_element_last_edited=&#8220;on|tablet&#8220; custom_css_main_element_phone=&#8220;display: inherit;||align-items: inherit;&#8220; custom_css_main_element_tablet=&#8220;display: inherit;||align-items: inherit;&#8220;][et_pb_column type=&#8220;4_4&#8243; _builder_version=&#8220;4.20.4&#8243; _module_preset=&#8220;default&#8220; custom_padding=&#8220;0px||0px||true|true&#8220; custom_padding_tablet=&#8220;5%|35px|5%|35px|true|true&#8220; custom_padding_phone=&#8220;5%|10px|5%|10px|true|true&#8220; custom_padding_last_edited=&#8220;off|desktop&#8220; animation_style=&#8220;fade&#8220; animation_delay=&#8220;500ms&#8220; global_colors_info=&#8220;{}&#8220;][et_pb_text _builder_version=&#8220;4.27.6&#8243; _module_preset=&#8220;default&#8220; text_font=&#8220;Source Sans 3||||||||&#8220; text_text_color=&#8220;#4A4A4A&#8220; text_font_size=&#8220;18px&#8220; text_line_height=&#8220;1.5em&#8220; link_font=&#8220;Source Sans 3||||on|||#76C0C1|&#8220; link_text_color=&#8220;#76C0C1&#8243; header_2_font=&#8220;Source Sans 3|900||on|||||&#8220; header_2_text_color=&#8220;#132C39&#8243; header_2_font_size=&#8220;40px&#8220; header_2_letter_spacing=&#8220;-0.5px&#8220; header_2_line_height=&#8220;1.2em&#8220; header_3_font=&#8220;Source Sans 3|900||on|||||&#8220; header_3_text_color=&#8220;#0C2731&#8243; header_3_font_size=&#8220;28px&#8220; max_width_tablet=&#8220;420px&#8220; max_width_phone=&#8220;90%&#8220; max_width_last_edited=&#8220;on|phone&#8220; module_alignment=&#8220;left&#8220; custom_padding=&#8220;3%||0px||false|false&#8220; header_font_size_tablet=&#8220;&#8220; header_font_size_phone=&#8220;28px&#8220; header_font_size_last_edited=&#8220;on|phone&#8220; header_2_font_size_tablet=&#8220;36px&#8220; header_2_font_size_phone=&#8220;32px&#8220; header_2_font_size_last_edited=&#8220;on|phone&#8220; header_3_font_size_tablet=&#8220;24px&#8220; header_3_font_size_phone=&#8220;20px&#8220; header_3_font_size_last_edited=&#8220;on|phone&#8220; global_colors_info=&#8220;{}&#8220; link_text_color__hover_enabled=&#8220;on|hover&#8220; link_text_color__hover=&#8220;#76C0C1&#8243; header_4_font=&#8220;Source Sans 3|900|||||||&#8220; header_4_text_color=&#8220;#132C39&#8243; hover_enabled=&#8220;0&#8243; sticky_enabled=&#8220;0&#8243;]<\/p>\n<p>Betreiber der Website ist Jaime Morales Cifre, mit Personalausweisnummer 43078183B, im Folgenden \u201eJMCIFRE PISCINAS\u201c genannt, mit Sitz in der C\/ Vicente Joan y Rossell\u00f3 Nr. 25, Erdgeschoss, 07013 Palma. Das Unternehmen ist auf die Wartung von Schwimmb\u00e4dern spezialisiert und verf\u00fcgt \u00fcber mehr als zwanzig Jahre Erfahrung. Es bietet Qualit\u00e4t, Vertrauen, professionellen Service und effiziente L\u00f6sungen.<\/p>\n<p><\/p>\n<p>Qualifikationsnachweis (ANGEBEN)<\/p>\n<p><\/p>\n<h3>1. VERBUNDENE VORSCHRIFTEN<\/h3>\n<p><\/p>\n<p>Der vorliegende rechtliche Hinweis unterliegt den Bestimmungen des Organgesetzes 03\/2018 vom 5. Dezember, der Verordnung (EU) 2016\/679 des Europ\u00e4ischen Parlaments und des Rates vom 27. April 2016 zum Schutz nat\u00fcrlicher Personen bei der Verarbeitung personenbezogener Daten, des Gesetzes 11\/2022 vom 28. Juni, Allgemeines Telekommunikationsgesetz, sowie dem Gesetz 34\/2002 vom 11. Juli \u00fcber Dienste der Informationsgesellschaft und den elektronischen Gesch\u00e4ftsverkehr und der zweiten Schlussbestimmung, mit der die Artikel 10, 18, 20, 21, 22, 35, 37, 38, 39, 40 und 43 des Gesetzes 34\/2002 vom 11. Juli, K\u00f6nigliches Gesetzesdekret 7\/2021 zur \u00c4nderung und Erg\u00e4nzung des Gesetzes zum Schutz von Verbrauchern und Nutzern sowie das K\u00f6nigliche Gesetzesdekret 13\/2012 vom 30. M\u00e4rz, mit dem Richtlinien im Bereich der Binnenm\u00e4rkte f\u00fcr Strom und Gas sowie im Bereich der elektronischen Kommunikation umgesetzt werden und mit dem Ma\u00dfnahmen zur Korrektur von Abweichungen aufgrund von Ungleichgewichten zwischen Kosten und Einnahmen im Strom- und Gassektor ergriffen werden, sowie alle sp\u00e4teren Vorschriften, die diese \u00e4ndern oder weiterentwickeln.<\/p>\n<p><\/p>\n<h3>2. BENUTZER<\/h3>\n<p><\/p>\n<p>Durch den Zugriff auf und\/oder die Nutzung dieser Website gelten Sie als NUTZER und sind verpflichtet, die hier aufgef\u00fchrten Allgemeinen Gesch\u00e4ftsbedingungen und die Datenschutzerkl\u00e4rung zu lesen und deren Annahme zu erkl\u00e4ren.<\/p>\n<p><\/p>\n<h3>3. NUTZUNG DER WEBSITE<\/h3>\n<p><\/p>\n<p>Der Zugriff auf und die Nutzung der Website, einschlie\u00dflich aller Subdomains und Verzeichnisse, sowie der \u00fcber sie angebotenen Dienste und Inhalte unterliegen den in diesem rechtlichen Hinweis festgelegten Bedingungen. Bestimmte Dienste oder Inhalte k\u00f6nnen jedoch die vorherige Zustimmung zu spezifischen Allgemeinen Gesch\u00e4ftsbedingungen erfordern.<\/p>\n<p><\/p>\n<p>Sollten Sie daher mit den Bestimmungen dieses rechtlichen Hinweises nicht einverstanden sein, bitten wir Sie, von der Nutzung der Website abzusehen. Die Nutzung der Website sowie ihrer Dienste und Inhalte setzt in jedem Fall die Annahme der hier aufgef\u00fchrten rechtlichen Bestimmungen voraus.<\/p>\n<p><\/p>\n<h3>4. GEISTIGE UND GEWERBLICHE EIGENTUMSRECHTE<\/h3>\n<p><\/p>\n<p>Alle Inhalte der Website sind ausschlie\u00dfliches Eigentum des Unternehmens. Dazu geh\u00f6ren unter anderem Handelsnamen, Marken und sonstige Kennzeichen, das grafische Design, der Quellcode, Logos, Texte, Grafiken, Illustrationen, Fotos und sonstige auf der Website vorhandene Elemente, die durch die geltenden Vorschriften zum geistigen und gewerblichen Eigentum gesch\u00fctzt sind.<\/p>\n<p><\/p>\n<p>Das Unternehmen hat das ausschlie\u00dfliche Recht zur Verwertung dieser Inhalte in jeglicher Form, insbesondere das Recht auf Vervielf\u00e4ltigung, Verbreitung, \u00f6ffentliche Wiedergabe und Bearbeitung.<\/p>\n<p><\/p>\n<p>Dem Nutzer ist jede vollst\u00e4ndige oder teilweise Nutzung der Inhalte der Website ohne vorherige ausdr\u00fcckliche Genehmigung des Unternehmens ausdr\u00fccklich untersagt, insbesondere wenn dies die Vervielf\u00e4ltigung, Verbreitung, Vermarktung, Bearbeitung oder jede andere Form der Verwertung beinhaltet. Das Unternehmen beh\u00e4lt sich das Recht vor, bei jeder Verletzung seiner Rechte an geistigem und gewerblichem Eigentum die entsprechenden rechtlichen Schritte einzuleiten.<\/p>\n<p><\/p>\n<p>Die dem Nutzer gew\u00e4hrte Lizenz zur Nutzung der Inhalte der Website beschr\u00e4nkt sich ausschlie\u00dflich auf deren Herunterladen f\u00fcr den pers\u00f6nlichen und privaten Gebrauch, sofern diese Inhalte vollst\u00e4ndig und unver\u00e4ndert bleiben.<\/p>\n<p><\/p>\n<h3>5. HAFTUNGSAUSSCHLUSS UND HAFTUNGSBESCHR\u00c4NKUNG<\/h3>\n<p><\/p>\n<p>Das Unternehmen haftet in keinem Fall f\u00fcr Sch\u00e4den jeglicher Art, die beispielsweise durch Fehler oder Auslassungen in den Inhalten, die Nichtverf\u00fcgbarkeit der Website oder die \u00dcbertragung von Viren oder sch\u00e4dlichen Programmen in den Inhalten entstehen k\u00f6nnten, obwohl alle erforderlichen technischen Ma\u00dfnahmen zu deren Vermeidung getroffen wurden.<\/p>\n<p><\/p>\n<p>Das Unternehmen kann Ihnen \u00fcber Links Zugang zu Websites Dritter gew\u00e4hren. Diese Links zu anderen Websites liegen au\u00dferhalb der Kontrolle des Unternehmens, weshalb es keine Haftung f\u00fcr die dort erscheinenden Inhalte, Informationen oder Dienstleistungen \u00fcbernimmt.<\/p>\n<p><\/p>\n<p>Das Unternehmen haftet ebenfalls nicht f\u00fcr Verst\u00f6\u00dfe von Webnutzern, die Dritte betreffen.<\/p>\n<p><\/p>\n<h3>6. \u00c4NDERUNGEN<\/h3>\n<p><\/p>\n<p>Das Unternehmen beh\u00e4lt sich das Recht vor, ohne vorherige Ank\u00fcndigung \u00c4nderungen an der ihm geh\u00f6renden Website vorzunehmen, um die Inhalte der Website oder deren Gestaltung zu aktualisieren, zu korrigieren, zu \u00e4ndern, zu erg\u00e4nzen oder zu entfernen. Die auf der Website angebotenen Inhalte und Dienste werden regelm\u00e4\u00dfig aktualisiert. Da die Aktualisierung der Informationen nicht sofort erfolgt, empfehlen wir Ihnen, stets die G\u00fcltigkeit und Richtigkeit der darin enthaltenen Informationen, Dienste und Inhalte zu \u00fcberpr\u00fcfen.<\/p>\n<p><\/p>\n<h3>7. AUSSCHLUSSRECHT<\/h3>\n<p><\/p>\n<p>Das Unternehmen beh\u00e4lt sich das Recht vor, Nutzern, die gegen diese Allgemeinen Nutzungsbedingungen versto\u00dfen, den Zugang zur Website und\/oder zu den angebotenen Diensten ohne vorherige Ank\u00fcndigung auf eigene Initiative oder auf Verlangen eines Dritten zu verweigern oder zu entziehen.<\/p>\n<p><\/p>\n<h3>8. ALLGEMEINES<\/h3>\n<p><\/p>\n<p>Das Unternehmen wird Verst\u00f6\u00dfe gegen die vorliegenden Bedingungen sowie jede missbr\u00e4uchliche Nutzung seiner Website verfolgen und alle ihm gesetzlich zustehenden zivil- und strafrechtlichen Schritte einleiten.<\/p>\n<p><\/p>\n<h3>9. \u00c4NDERUNG DIESER BEDINGUNGEN UND LAUFZEIT<\/h3>\n<p><\/p>\n<p>Das Unternehmen kann die hier festgelegten Bedingungen jederzeit \u00e4ndern, wobei diese ordnungsgem\u00e4\u00df in der vorliegenden Form ver\u00f6ffentlicht werden. Die G\u00fcltigkeit der genannten Bedingungen richtet sich nach ihrer Ver\u00f6ffentlichung und gilt so lange, bis sie durch andere ordnungsgem\u00e4\u00df ver\u00f6ffentlichte Bedingungen ersetzt werden.<\/p>\n<p><\/p>\n<p>Die in diesem rechtlichen Hinweis enthaltenen Bedingungen und Bestimmungen k\u00f6nnen sich \u00e4ndern; wir empfehlen Ihnen daher, diese Bestimmungen bei Ihrem n\u00e4chsten Besuch der Website erneut zu \u00fcberpr\u00fcfen.<\/p>\n<p><\/p>\n<h3>10. ANWENDBARES RECHT UND GERICHTSSTAND<\/h3>\n<p><\/p>\n<p>Das Unternehmen kann zivil- oder strafrechtliche Schritte gegen jede Person einleiten, die die Website missbr\u00e4uchlich nutzt.<\/p>\n<p><\/p>\n<p>Im Falle von Streitigkeiten oder Konflikten sowie bei allen Fragen im Zusammenhang mit den Dienstleistungen unterwerfen sich beide Parteien der Zust\u00e4ndigkeit der Gerichte in Palma de Mallorca.<\/p>\n<p>[\/et_pb_text][et_pb_button button_url=&#8220;https:\/\/www.jmcifrepiscinas.com\/de\/&#8220; url_new_window=&#8220;on&#8220; button_text=&#8220;Zur\u00fcck nach oben&#8220; button_alignment=&#8220;left&#8220; disabled_on=&#8220;off|off|off&#8220; _builder_version=&#8220;4.27.6&#8243; _module_preset=&#8220;default&#8220; custom_button=&#8220;on&#8220; button_text_size=&#8220;15px&#8220; button_text_color=&#8220;#FFFFFF&#8220; button_bg_color=&#8220;#132C39&#8243; button_border_color=&#8220;#102C38&#8243; button_border_radius=&#8220;8px&#8220; button_font=&#8220;Source Sans 3|900||on|||||&#8220; button_icon=&#8220;&#xf061;||fa||900&#8243; button_icon_color=&#8220;#8BC7C9&#8243; button_on_hover=&#8220;off&#8220; custom_margin=&#8220;1%|30px|0px|0px|false|false&#8220; custom_margin_tablet=&#8220;0px|30px|0px|0px|false|false&#8220; custom_margin_phone=&#8220;0px|0px|3%|0px|false|false&#8220; custom_margin_last_edited=&#8220;on|phone&#8220; custom_padding=&#8220;13px|50px|15px|35px|false|false&#8220; custom_padding_tablet=&#8220;13px|55px|15px|35px|false|false&#8220; custom_padding_phone=&#8220;13px|45px|15px|30px|false|false&#8220; custom_padding_last_edited=&#8220;on|phone&#8220; global_colors_info=&#8220;{}&#8220; button_text_color__hover=&#8220;#132C39&#8243; button_text_color__hover_enabled=&#8220;on|hover&#8220; button_bg_color__hover=&#8220;#8BC7C9&#8243; button_bg_color__hover_enabled=&#8220;on|desktop&#8220; button_border_color__hover=&#8220;#8CC7C7&#8243; button_border_color__hover_enabled=&#8220;on|hover&#8220; button_letter_spacing__hover=&#8220;0px&#8220; button_letter_spacing__hover_enabled=&#8220;on|hover&#8220; button_bg_enable_color__hover=&#8220;on&#8220; button_icon_color__hover=&#8220;#FFFFFF&#8220; button_icon_color__hover_enabled=&#8220;on|hover&#8220;][\/et_pb_button][\/et_pb_column][\/et_pb_row][\/et_pb_section]<\/p>\n","protected":false},"excerpt":{"rendered":"<p>Rechtliche HinweiseBetreiber der Website ist Jaime Morales Cifre, mit Personalausweisnummer 43078183B, im Folgenden \u201eJMCIFRE PISCINAS\u201c genannt, mit Sitz in der C\/ Vicente Joan y Rossell\u00f3 Nr. 25, Erdgeschoss, 07013 Palma. Das Unternehmen ist auf die Wartung von Schwimmb\u00e4dern spezialisiert und verf\u00fcgt \u00fcber mehr als zwanzig Jahre Erfahrung. Es bietet Qualit\u00e4t, Vertrauen, professionellen Service und effiziente [&hellip;]<\/p>\n","protected":false},"author":1,"featured_media":0,"parent":0,"menu_order":0,"comment_status":"closed","ping_status":"closed","template":"","meta":{"_et_pb_use_builder":"on","_et_pb_old_content":"","_et_gb_content_width":"","footnotes":""},"class_list":["post-1044","page","type-page","status-publish","hentry"],"yoast_head":"<!-- This site is optimized with the Yoast SEO plugin v27.5 - https:\/\/yoast.com\/product\/yoast-seo-wordpress\/ -->\n<title>Rechtliche Hinweise - JMCIFRE<\/title>\n<meta name=\"robots\" content=\"noindex, nofollow\" \/>\n<meta property=\"og:locale\" content=\"de_DE\" \/>\n<meta property=\"og:type\" content=\"article\" \/>\n<meta property=\"og:title\" content=\"Rechtliche Hinweise - JMCIFRE\" \/>\n<meta property=\"og:description\" content=\"Rechtliche HinweiseBetreiber der Website ist Jaime Morales Cifre, mit Personalausweisnummer 43078183B, im Folgenden \u201eJMCIFRE PISCINAS\u201c genannt, mit Sitz in der C\/ Vicente Joan y Rossell\u00f3 Nr. 25, Erdgeschoss, 07013 Palma. Das Unternehmen ist auf die Wartung von Schwimmb\u00e4dern spezialisiert und verf\u00fcgt \u00fcber mehr als zwanzig Jahre Erfahrung. Es bietet Qualit\u00e4t, Vertrauen, professionellen Service und effiziente [&hellip;]\" \/>\n<meta property=\"og:url\" content=\"https:\/\/www.jmcifrepiscinas.com\/de\/rechtliche-hinweise\/\" \/>\n<meta property=\"og:site_name\" content=\"JMCIFRE\" \/>\n<meta property=\"article:modified_time\" content=\"2026-03-25T14:32:28+00:00\" \/>\n<meta name=\"twitter:card\" content=\"summary_large_image\" \/>\n<meta name=\"twitter:label1\" content=\"Gesch\u00e4tzte Lesezeit\" \/>\n\t<meta name=\"twitter:data1\" content=\"8\u00a0Minuten\" \/>\n<script type=\"application\/ld+json\" class=\"yoast-schema-graph\">{\"@context\":\"https:\\\/\\\/schema.org\",\"@graph\":[{\"@type\":\"WebPage\",\"@id\":\"https:\\\/\\\/www.jmcifrepiscinas.com\\\/de\\\/rechtliche-hinweise\\\/\",\"url\":\"https:\\\/\\\/www.jmcifrepiscinas.com\\\/de\\\/rechtliche-hinweise\\\/\",\"name\":\"Rechtliche Hinweise - JMCIFRE\",\"isPartOf\":{\"@id\":\"https:\\\/\\\/www.jmcifrepiscinas.com\\\/de\\\/#website\"},\"datePublished\":\"2026-03-03T09:54:57+00:00\",\"dateModified\":\"2026-03-25T14:32:28+00:00\",\"breadcrumb\":{\"@id\":\"https:\\\/\\\/www.jmcifrepiscinas.com\\\/de\\\/rechtliche-hinweise\\\/#breadcrumb\"},\"inLanguage\":\"de\",\"potentialAction\":[{\"@type\":\"ReadAction\",\"target\":[\"https:\\\/\\\/www.jmcifrepiscinas.com\\\/de\\\/rechtliche-hinweise\\\/\"]}]},{\"@type\":\"BreadcrumbList\",\"@id\":\"https:\\\/\\\/www.jmcifrepiscinas.com\\\/de\\\/rechtliche-hinweise\\\/#breadcrumb\",\"itemListElement\":[{\"@type\":\"ListItem\",\"position\":1,\"name\":\"Portada\",\"item\":\"https:\\\/\\\/www.jmcifrepiscinas.com\\\/de\\\/\"},{\"@type\":\"ListItem\",\"position\":2,\"name\":\"Rechtliche Hinweise\"}]},{\"@type\":\"WebSite\",\"@id\":\"https:\\\/\\\/www.jmcifrepiscinas.com\\\/de\\\/#website\",\"url\":\"https:\\\/\\\/www.jmcifrepiscinas.com\\\/de\\\/\",\"name\":\"JMCIFRE\",\"description\":\"Piscinas\",\"potentialAction\":[{\"@type\":\"SearchAction\",\"target\":{\"@type\":\"EntryPoint\",\"urlTemplate\":\"https:\\\/\\\/www.jmcifrepiscinas.com\\\/de\\\/?s={search_term_string}\"},\"query-input\":{\"@type\":\"PropertyValueSpecification\",\"valueRequired\":true,\"valueName\":\"search_term_string\"}}],\"inLanguage\":\"de\"}]}<\/script>\n<!-- \/ Yoast SEO plugin. -->","yoast_head_json":{"title":"Rechtliche Hinweise - JMCIFRE","robots":{"index":"noindex","follow":"nofollow"},"og_locale":"de_DE","og_type":"article","og_title":"Rechtliche Hinweise - JMCIFRE","og_description":"Rechtliche HinweiseBetreiber der Website ist Jaime Morales Cifre, mit Personalausweisnummer 43078183B, im Folgenden \u201eJMCIFRE PISCINAS\u201c genannt, mit Sitz in der C\/ Vicente Joan y Rossell\u00f3 Nr. 25, Erdgeschoss, 07013 Palma. Das Unternehmen ist auf die Wartung von Schwimmb\u00e4dern spezialisiert und verf\u00fcgt \u00fcber mehr als zwanzig Jahre Erfahrung. Es bietet Qualit\u00e4t, Vertrauen, professionellen Service und effiziente [&hellip;]","og_url":"https:\/\/www.jmcifrepiscinas.com\/de\/rechtliche-hinweise\/","og_site_name":"JMCIFRE","article_modified_time":"2026-03-25T14:32:28+00:00","twitter_card":"summary_large_image","twitter_misc":{"Gesch\u00e4tzte Lesezeit":"8\u00a0Minuten"},"schema":{"@context":"https:\/\/schema.org","@graph":[{"@type":"WebPage","@id":"https:\/\/www.jmcifrepiscinas.com\/de\/rechtliche-hinweise\/","url":"https:\/\/www.jmcifrepiscinas.com\/de\/rechtliche-hinweise\/","name":"Rechtliche Hinweise - JMCIFRE","isPartOf":{"@id":"https:\/\/www.jmcifrepiscinas.com\/de\/#website"},"datePublished":"2026-03-03T09:54:57+00:00","dateModified":"2026-03-25T14:32:28+00:00","breadcrumb":{"@id":"https:\/\/www.jmcifrepiscinas.com\/de\/rechtliche-hinweise\/#breadcrumb"},"inLanguage":"de","potentialAction":[{"@type":"ReadAction","target":["https:\/\/www.jmcifrepiscinas.com\/de\/rechtliche-hinweise\/"]}]},{"@type":"BreadcrumbList","@id":"https:\/\/www.jmcifrepiscinas.com\/de\/rechtliche-hinweise\/#breadcrumb","itemListElement":[{"@type":"ListItem","position":1,"name":"Portada","item":"https:\/\/www.jmcifrepiscinas.com\/de\/"},{"@type":"ListItem","position":2,"name":"Rechtliche Hinweise"}]},{"@type":"WebSite","@id":"https:\/\/www.jmcifrepiscinas.com\/de\/#website","url":"https:\/\/www.jmcifrepiscinas.com\/de\/","name":"JMCIFRE","description":"Piscinas","potentialAction":[{"@type":"SearchAction","target":{"@type":"EntryPoint","urlTemplate":"https:\/\/www.jmcifrepiscinas.com\/de\/?s={search_term_string}"},"query-input":{"@type":"PropertyValueSpecification","valueRequired":true,"valueName":"search_term_string"}}],"inLanguage":"de"}]}},"_links":{"self":[{"href":"https:\/\/www.jmcifrepiscinas.com\/de\/wp-json\/wp\/v2\/pages\/1044","targetHints":{"allow":["GET"]}}],"collection":[{"href":"https:\/\/www.jmcifrepiscinas.com\/de\/wp-json\/wp\/v2\/pages"}],"about":[{"href":"https:\/\/www.jmcifrepiscinas.com\/de\/wp-json\/wp\/v2\/types\/page"}],"author":[{"embeddable":true,"href":"https:\/\/www.jmcifrepiscinas.com\/de\/wp-json\/wp\/v2\/users\/1"}],"replies":[{"embeddable":true,"href":"https:\/\/www.jmcifrepiscinas.com\/de\/wp-json\/wp\/v2\/comments?post=1044"}],"version-history":[{"count":2,"href":"https:\/\/www.jmcifrepiscinas.com\/de\/wp-json\/wp\/v2\/pages\/1044\/revisions"}],"predecessor-version":[{"id":1046,"href":"https:\/\/www.jmcifrepiscinas.com\/de\/wp-json\/wp\/v2\/pages\/1044\/revisions\/1046"}],"wp:attachment":[{"href":"https:\/\/www.jmcifrepiscinas.com\/de\/wp-json\/wp\/v2\/media?parent=1044"}],"curies":[{"name":"wp","href":"https:\/\/api.w.org\/{rel}","templated":true}]}}