{"id":1047,"date":"2026-03-03T09:54:43","date_gmt":"2026-03-03T09:54:43","guid":{"rendered":"https:\/\/www.jmcifrepiscinas.com\/cookie-richtlinie\/"},"modified":"2026-03-25T14:40:15","modified_gmt":"2026-03-25T14:40:15","slug":"cookie-richtlinie","status":"publish","type":"page","link":"https:\/\/www.jmcifrepiscinas.com\/de\/cookie-richtlinie\/","title":{"rendered":"Cookie-Richtlinie"},"content":{"rendered":"<p>[et_pb_section fb_built=&#8220;1&#8243; custom_padding_last_edited=&#8220;on|phone&#8220; admin_label=&#8220;HERO CONTACTO&#8220; module_id=&#8220;Hero&#8220; _builder_version=&#8220;4.27.6&#8243; _module_preset=&#8220;default&#8220; background_color=&#8220;#76C0C1&#8243; background_enable_image=&#8220;off&#8220; parallax=&#8220;on&#8220; background_blend=&#8220;multiply&#8220; custom_padding=&#8220;90px||90px||true|false&#8220; custom_padding_tablet=&#8220;90px||90px||true|false&#8220; custom_padding_phone=&#8220;120px||120px||true|false&#8220; locked=&#8220;off&#8220; collapsed=&#8220;off&#8220; global_colors_info=&#8220;{}&#8220;][et_pb_row _builder_version=&#8220;4.27.6&#8243; _module_preset=&#8220;default&#8220; width=&#8220;90%&#8220; max_width=&#8220;90%&#8220; global_colors_info=&#8220;{}&#8220;][et_pb_column type=&#8220;4_4&#8243; _builder_version=&#8220;4.27.4&#8243; _module_preset=&#8220;default&#8220; global_colors_info=&#8220;{}&#8220;][et_pb_text admin_label=&#8220;HERO CONTACTO&#8220; _builder_version=&#8220;4.27.6&#8243; _module_preset=&#8220;default&#8220; header_font=&#8220;Source Sans 3|900||on|||||&#8220; header_text_color=&#8220;#0C2731&#8243; header_font_size=&#8220;56px&#8220; max_width=&#8220;720px&#8220; module_alignment=&#8220;left&#8220; custom_margin=&#8220;||0px||false|false&#8220; custom_padding=&#8220;||0px||false|false&#8220; hover_enabled=&#8220;0&#8243; header_font_size_tablet=&#8220;36px&#8220; header_font_size_phone=&#8220;32px&#8220; header_font_size_last_edited=&#8220;on|phone&#8220; global_colors_info=&#8220;{}&#8220; sticky_enabled=&#8220;0&#8243;]<\/p>\n<h1>Cookie-Richtlinie<\/h1>\n<p>[\/et_pb_text][\/et_pb_column][\/et_pb_row][\/et_pb_section][et_pb_section fb_built=&#8220;1&#8243; admin_label=&#8220;Nuestro Concepto \/ Quienes Somos&#8220; module_id=&#8220;Despensa&#8220; _builder_version=&#8220;4.27.5&#8243; _module_preset=&#8220;default&#8220; background_color=&#8220;#FAFAF7&#8243; background_enable_image=&#8220;off&#8220; parallax=&#8220;on&#8220; custom_padding=&#8220;80px||80px||true|false&#8220; locked=&#8220;off&#8220; collapsed=&#8220;off&#8220; global_colors_info=&#8220;{}&#8220;][et_pb_row use_custom_gutter=&#8220;on&#8220; make_equal=&#8220;on&#8220; module_id=&#8220;Formulario&#8220; _builder_version=&#8220;4.27.4&#8243; _module_preset=&#8220;default&#8220; background_enable_color=&#8220;off&#8220; width=&#8220;90%&#8220; width_tablet=&#8220;90%&#8220; width_phone=&#8220;90%&#8220; width_last_edited=&#8220;on|tablet&#8220; max_width=&#8220;90%&#8220; max_width_tablet=&#8220;90%&#8220; max_width_phone=&#8220;90%&#8220; max_width_last_edited=&#8220;on|desktop&#8220; custom_margin=&#8220;0px||0px||false|false&#8220; custom_padding=&#8220;0px||0px||false|false&#8220; global_colors_info=&#8220;{}&#8220; custom_css_main_element_last_edited=&#8220;on|tablet&#8220; custom_css_main_element_phone=&#8220;display: inherit;||align-items: inherit;&#8220; custom_css_main_element_tablet=&#8220;display: inherit;||align-items: inherit;&#8220;][et_pb_column type=&#8220;4_4&#8243; _builder_version=&#8220;4.20.4&#8243; _module_preset=&#8220;default&#8220; custom_padding=&#8220;0px||0px||true|true&#8220; custom_padding_tablet=&#8220;5%|35px|5%|35px|true|true&#8220; custom_padding_phone=&#8220;5%|10px|5%|10px|true|true&#8220; custom_padding_last_edited=&#8220;off|desktop&#8220; animation_style=&#8220;fade&#8220; animation_delay=&#8220;500ms&#8220; global_colors_info=&#8220;{}&#8220;][et_pb_text _builder_version=&#8220;4.27.6&#8243; _module_preset=&#8220;default&#8220; text_font=&#8220;Source Sans 3||||||||&#8220; text_text_color=&#8220;#4A4A4A&#8220; text_font_size=&#8220;18px&#8220; text_line_height=&#8220;1.5em&#8220; link_font=&#8220;Source Sans 3||||on|||#76C0C1|&#8220; link_text_color=&#8220;#76C0C1&#8243; header_2_font=&#8220;Source Sans 3|900||on|||||&#8220; header_2_text_color=&#8220;#132C39&#8243; header_2_font_size=&#8220;40px&#8220; header_2_letter_spacing=&#8220;-0.5px&#8220; header_2_line_height=&#8220;1.2em&#8220; header_3_font=&#8220;Source Sans 3|900||on|||||&#8220; header_3_text_color=&#8220;#0C2731&#8243; header_3_font_size=&#8220;28px&#8220; header_4_font=&#8220;Source Sans 3|900|||||||&#8220; header_4_text_color=&#8220;#132C39&#8243; max_width_tablet=&#8220;420px&#8220; max_width_phone=&#8220;90%&#8220; max_width_last_edited=&#8220;on|phone&#8220; module_alignment=&#8220;left&#8220; custom_padding=&#8220;3%||0px||false|false&#8220; header_font_size_tablet=&#8220;&#8220; header_font_size_phone=&#8220;28px&#8220; header_font_size_last_edited=&#8220;on|phone&#8220; header_2_font_size_tablet=&#8220;36px&#8220; header_2_font_size_phone=&#8220;32px&#8220; header_2_font_size_last_edited=&#8220;on|phone&#8220; header_3_font_size_tablet=&#8220;24px&#8220; header_3_font_size_phone=&#8220;20px&#8220; header_3_font_size_last_edited=&#8220;on|phone&#8220; global_colors_info=&#8220;{}&#8220; link_text_color__hover_enabled=&#8220;on|hover&#8220; link_text_color__hover=&#8220;#76C0C1&#8243;]<\/p>\n<p>Der Betreiber dieser Website ist JM CIFRE PISCINAS und informiert Sie \u00fcber die Verwendung von Cookies auf dieser Website:<\/p>\n<p><\/p>\n<p>Cookies sind Dateien, die \u00fcber die von Ihnen besuchten Webseiten auf Ihren Computer heruntergeladen werden k\u00f6nnen. Sie sind Werkzeuge, die eine wesentliche Rolle bei der Bereitstellung zahlreicher Dienste der Informationsgesellschaft spielen (Internetdienste).<\/p>\n<p><\/p>\n<h2><strong>Arten von Funktions-Cookies gem\u00e4\u00df der Stellungnahme 4\/2012 der Artikel-29-Datenschutzgruppe<\/strong><\/h2>\n<p><\/p>\n<p><strong>Cookies zur Erfassung von Benutzereingaben:<\/strong><br \/>Zum Beispiel zum Speichern von Daten, die in Formularen oder im Warenkorb eingegeben wurden.<\/p>\n<p><\/p>\n<p><strong>Cookies zur Authentifizierung oder Benutzeridentifizierung (nur f\u00fcr die aktuelle Sitzung):<\/strong><br \/>Sie dienen dazu, die Sitzung aufrechtzuerhalten.<\/p>\n<p><\/p>\n<p><strong>Cookies zur Benutzersicherheit:<\/strong><br \/>Sie erkennen fehlerhafte oder missbr\u00e4uchliche Versuche (z. B. wiederholte Anmeldeversuche).<\/p>\n<p><\/p>\n<p><strong>Session-Cookies f\u00fcr den Mediaplayer:<\/strong><br \/>Diese sind f\u00fcr die Wiedergabe von Audio- oder Videodateien erforderlich.<\/p>\n<p><\/p>\n<p><strong>Session-Cookies f\u00fcr den Lastausgleich (Load Balancing):<\/strong><br \/>Sie verteilen den Datenverkehr auf die Server.<\/p>\n<p><\/p>\n<p><strong>Cookies zur Anpassung der Benutzeroberfl\u00e4che:<\/strong><br \/>Sprache, W\u00e4hrung, Browsertyp usw.<\/p>\n<p><\/p>\n<p><strong>Plugin-Cookies f\u00fcr den Austausch sozialer Inhalte:<\/strong><br \/>Nur wenn der Nutzer mit diesen Plugins interagiert (z. B. beim Teilen von Inhalten)<\/p>\n<p><\/p>\n<p>Diese Website verwendet solche Cookies, die den Betrieb und die Bereitstellung des Dienstes erm\u00f6glichen.<\/p>\n<p><\/p>\n<p><strong>Cookies, f\u00fcr die keine Einwilligung erforderlich ist:<\/strong><\/p>\n<p><\/p>\n<ul>\n<li>Zuschauerermittlung, Seite f\u00fcr Seite;<\/li>\n<li>Die Liste der Seiten, von denen aus ein Link auf die aktuelle Seite (manchmal auch als \u201eReferrer\u201c bezeichnet) aufgerufen wurde, unabh\u00e4ngig davon, ob diese innerhalb oder au\u00dferhalb der Website liegt, sortiert nach Seiten und t\u00e4glich aktualisiert;<\/li>\n<li>Ermittlung des Ger\u00e4tetyps, des Browsers und der Bildschirmgr\u00f6\u00dfe der Besucher, nach Seite und t\u00e4glich zusammengefasst.<\/li>\n<li>Statistiken zur Ladezeit der Seite, nach Seiten und aggregiert nach Stunden;<\/li>\n<li>Statistiken zur Ladezeit der Seite, nach Seite und aggregiert nach Stunde; Statistiken zur Verweildauer auf jeder Seite, zur Absprungrate und zur Scrolltiefe, nach Seite und aggregiert nach Tag;<\/li>\n<li>Statistiken zu den Nutzeraktionen (Klicks, Auswahlen), nach Seite und t\u00e4glich zusammengefasst; Seite: 4 von 5<\/li>\n<li>Statistiken zur geografischen Herkunft der Anfragen, nach Seite und t\u00e4glich zusammengefasst.<\/li>\n<\/ul>\n<p><\/p>\n<p>Daher bedarf jede weitere Verarbeitung der Daten, die \u00fcber die hier aufgef\u00fchrten Zwecke hinausgeht, sowohl seitens des Herausgebers als auch seitens des Anbieters der Einwilligung der betroffenen Person, um als rechtm\u00e4\u00dfig zu gelten.<\/p>\n<p><\/p>\n<p>Keine Ausnahmen: (Einwilligung erforderlich)<\/p>\n<p><\/p>\n<h3><strong>ARTEN VON COOKIES<\/strong><\/h3>\n<p><\/p>\n<h4><span style=\"text-decoration: underline;\"><strong>Cookies nach dem Betreiber:<\/strong><\/span><\/h4>\n<p><\/p>\n<p><strong>Eigene Cookies:<\/strong> Diese werden vom Rechner oder von einer Domain, die vom Betreiber selbst verwaltet wird und \u00fcber die der vom Nutzer angeforderte Dienst bereitgestellt wird, an den Rechner des Nutzers gesendet.<\/p>\n<p><\/p>\n<p><strong>Cookies von Drittanbietern:<\/strong> Diese werden vom Endger\u00e4t des Nutzers von einem Server oder einer Domain gesendet, die von einem anderen Unternehmen verwaltet wird, welches die \u00fcber die Cookies erhobenen Daten verarbeitet. Wenn Sie Cookies von Drittanbietern akzeptieren und diese l\u00f6schen m\u00f6chten, m\u00fcssen Sie dies \u00fcber die Einstellungen Ihres Browsers oder \u00fcber das vom Drittanbieter bereitgestellte System tun.<\/p>\n<p><\/p>\n<h4><span style=\"text-decoration: underline;\"><strong>Cookies nach ihrer Speicherdauer:<\/strong><\/span><\/h4>\n<p><\/p>\n<p><strong>Sitzungscookies:<\/strong> Sie erfassen und speichern Daten, solange der Nutzer auf die Website zugreift.<\/p>\n<p><\/p>\n<p><strong>Dauerhafte Cookies:<\/strong> Hierbei handelt es sich um eine Art von Cookies, bei denen die Daten auf dem Endger\u00e4t gespeichert bleiben und \u00fcber einen vom Verantwortlichen festgelegten Zeitraum \u2013 der von wenigen Minuten bis zu mehreren Jahren reichen kann \u2013 abgerufen und verarbeitet werden k\u00f6nnen. Im letzteren Fall wird die Speicherdauer dauerhafter Cookies unter Ber\u00fccksichtigung des Verwendungszwecks auf das erforderliche Minimum beschr\u00e4nkt.<\/p>\n<p><\/p>\n<h4><span style=\"text-decoration: underline;\"><strong>Cookies nach Zweck:<\/strong><\/span><\/h4>\n<p><\/p>\n<p><strong>Technische Cookies:<\/strong> Dies sind Cookies, die es dem Nutzer erm\u00f6glichen, auf einer Website, einer Plattform oder in einer Anwendung zu navigieren und die verschiedenen dort vorhandenen Optionen oder Dienste zu nutzen, einschlie\u00dflich derjenigen, die der Betreiber einsetzt, um die Verwaltung und den Betrieb der Website zu gew\u00e4hrleisten und deren Funktionen und Dienste zu aktivieren.<\/p>\n<p><\/p>\n<p><strong>Analyse-Cookies:<\/strong> Hierbei handelt es sich um Cookies, die entweder vom Betreiber der Website oder von Dritten verarbeitet werden und es erm\u00f6glichen, die Anzahl der Nutzer zu ermitteln und somit die Nutzung des angebotenen Dienstes durch die Nutzer zu messen und statistisch auszuwerten.<\/p>\n<p><\/p>\n<p>Zu diesem Zweck wird Ihr Surfverhalten auf der Website analysiert, um das Angebot an Produkten oder Dienstleistungen, das wir Ihnen anbieten, zu verbessern.<\/p>\n<p><\/p>\n<p><strong>Einstellungs- oder Personalisierungs-Cookies:<\/strong> Diese speichern Informationen, damit der Nutzer auf den Dienst mit bestimmten Einstellungen zugreifen kann, die sein Nutzererlebnis von dem anderer Nutzer unterscheiden k\u00f6nnen, je nach Browsertyp, Region, aus der er zugreift, usw. (z. B. die Sprache)<\/p>\n<p><\/p>\n<p><strong>Cookies f\u00fcr verhaltensbasierte Werbung:<\/strong> Diese speichern Informationen \u00fcber das Nutzerverhalten, die durch die kontinuierliche Beobachtung der Surfgewohnheiten gewonnen werden, wodurch ein spezifisches Profil erstellt werden kann, um darauf abgestimmte Werbung anzuzeigen.<\/p>\n<p><\/p>\n<p><span style=\"text-decoration: underline;\"><em>Beispiele:<\/em><\/span><\/p>\n<p><\/p>\n<p>Diese Website nutzt Google Analytics, einen Webanalysedienst der Google Inc. mit Sitz in den Vereinigten Staaten und Hauptsitz in 1600 Amphitheatre Parkway, Mountain View, Kalifornien 94043. Zur Erbringung dieser Dienste werden Cookies verwendet, die Informationen, einschlie\u00dflich der IP-Adresse des Nutzers, erfassen, die von Google gem\u00e4\u00df den festgelegten Bedingungen \u00fcbermittelt, verarbeitet und gespeichert werden. Dies schlie\u00dft die m\u00f6gliche Weitergabe dieser Informationen an Dritte ein, sofern dies gesetzlich vorgeschrieben ist oder wenn diese Dritten die Informationen im Auftrag von Google verarbeiten.<\/p>\n<p><\/p>\n<p>Durch die Webanalyse werden Informationen \u00fcber die Anzahl der Nutzer, die auf die Website zugreifen, die Anzahl der Seitenaufrufe, die H\u00e4ufigkeit und Wiederholung der Besuche, deren Dauer, den verwendeten Browser, den Dienstanbieter, die Sprache, das verwendete Endger\u00e4t oder die Stadt, der Ihre IP-Adresse zugeordnet ist, erfasst. Diese Informationen erm\u00f6glichen einen besseren und passgenaueren Service seitens dieser Website.<\/p>\n<p><\/p>\n<p><strong>Drittanbieter<\/strong><\/p>\n<p><\/p>\n<p>Konkret handelt es sich bei den Dritten, mit denen Dienstleistungen abgewickelt wurden, f\u00fcr die die Verwendung von Cookies erforderlich ist, um:<\/p>\n<p>[\/et_pb_text][et_pb_image src=&#8220;data:image\/svg+xml;base64,PHN2ZyB3aWR0aD0iMTA4MCIgaGVpZ2h0PSI1NDAiIHZpZXdCb3g9IjAgMCAxMDgwIDU0MCIgeG1sbnM9Imh0dHA6Ly93d3cudzMub3JnLzIwMDAvc3ZnIj4KICAgIDxnIGZpbGw9Im5vbmUiIGZpbGwtcnVsZT0iZXZlbm9kZCI+CiAgICAgICAgPHBhdGggZmlsbD0iI0VCRUJFQiIgZD0iTTAgMGgxMDgwdjU0MEgweiIvPgogICAgICAgIDxwYXRoIGQ9Ik00NDUuNjQ5IDU0MGgtOTguOTk1TDE0NC42NDkgMzM3Ljk5NSAwIDQ4Mi42NDR2LTk4Ljk5NWwxMTYuMzY1LTExNi4zNjVjMTUuNjItMTUuNjIgNDAuOTQ3LTE1LjYyIDU2LjU2OCAwTDQ0NS42NSA1NDB6IiBmaWxsLW9wYWNpdHk9Ii4xIiBmaWxsPSIjMDAwIiBmaWxsLXJ1bGU9Im5vbnplcm8iLz4KICAgICAgICA8Y2lyY2xlIGZpbGwtb3BhY2l0eT0iLjA1IiBmaWxsPSIjMDAwIiBjeD0iMzMxIiBjeT0iMTQ4IiByPSI3MCIvPgogICAgICAgIDxwYXRoIGQ9Ik0xMDgwIDM3OXYxMTMuMTM3TDcyOC4xNjIgMTQwLjMgMzI4LjQ2MiA1NDBIMjE1LjMyNEw2OTkuODc4IDU1LjQ0NmMxNS42Mi0xNS42MiA0MC45NDgtMTUuNjIgNTYuNTY4IDBMMTA4MCAzNzl6IiBmaWxsLW9wYWNpdHk9Ii4yIiBmaWxsPSIjMDAwIiBmaWxsLXJ1bGU9Im5vbnplcm8iLz4KICAgIDwvZz4KPC9zdmc+Cg==&#8220; _builder_version=&#8220;4.27.6&#8243; _module_preset=&#8220;default&#8220; global_colors_info=&#8220;{}&#8220;][\/et_pb_image][et_pb_text _builder_version=&#8220;4.27.6&#8243; _module_preset=&#8220;default&#8220; text_font=&#8220;Source Sans 3||||||||&#8220; text_text_color=&#8220;#4A4A4A&#8220; text_font_size=&#8220;18px&#8220; text_line_height=&#8220;1.5em&#8220; link_font=&#8220;Source Sans 3||||on|||#76C0C1|&#8220; link_text_color=&#8220;#76C0C1&#8243; header_2_font=&#8220;Source Sans 3|900||on|||||&#8220; header_2_text_color=&#8220;#132C39&#8243; header_2_font_size=&#8220;40px&#8220; header_2_letter_spacing=&#8220;-0.5px&#8220; header_2_line_height=&#8220;1.2em&#8220; header_3_font=&#8220;Source Sans 3|900||on|||||&#8220; header_3_text_color=&#8220;#0C2731&#8243; header_3_font_size=&#8220;28px&#8220; header_4_font=&#8220;Source Sans 3|900|||||||&#8220; header_4_text_color=&#8220;#132C39&#8243; max_width_tablet=&#8220;420px&#8220; max_width_phone=&#8220;90%&#8220; max_width_last_edited=&#8220;on|phone&#8220; module_alignment=&#8220;left&#8220; custom_padding=&#8220;3%||0px||false|false&#8220; header_font_size_tablet=&#8220;&#8220; header_font_size_phone=&#8220;28px&#8220; header_font_size_last_edited=&#8220;on|phone&#8220; header_2_font_size_tablet=&#8220;36px&#8220; header_2_font_size_phone=&#8220;32px&#8220; header_2_font_size_last_edited=&#8220;on|phone&#8220; header_3_font_size_tablet=&#8220;24px&#8220; header_3_font_size_phone=&#8220;20px&#8220; header_3_font_size_last_edited=&#8220;on|phone&#8220; global_colors_info=&#8220;{}&#8220; link_text_color__hover_enabled=&#8220;on|hover&#8220; link_text_color__hover=&#8220;#76C0C1&#8243;]<\/p>\n<p><strong>Zustimmung zur Cookie-Richtlinie<\/strong><\/p>\n<p><\/p>\n<p>Das Unternehmen zeigt bei jedem Aufruf der Website auf jeder Seite Informationen zu seiner Cookie-Richtlinie an, um Sie darauf aufmerksam zu machen.<\/p>\n<p><\/p>\n<p>Aufgrund dieser Informationen k\u00f6nnen folgende Ma\u00dfnahmen ergriffen werden:<\/p>\n<p><\/p>\n<ul>\n<li><strong>Cookies akzeptieren.<\/strong> Dieser Hinweis wird w\u00e4hrend dieser Sitzung beim Aufrufen einer beliebigen Seite der Website nicht erneut angezeigt.<\/li>\n<li><strong>Einstellungen: S<\/strong>ie k\u00f6nnen die Cookie-Einstellungen \u00e4ndern und\/oder Cookies ablehnen.<\/li>\n<\/ul>\n<p>[\/et_pb_text][et_pb_button button_url=&#8220;https:\/\/www.jmcifrepiscinas.com\/de\/&#8220; url_new_window=&#8220;on&#8220; button_text=&#8220;Zur\u00fcck nach oben&#8220; button_alignment=&#8220;left&#8220; disabled_on=&#8220;off|off|off&#8220; _builder_version=&#8220;4.27.6&#8243; _module_preset=&#8220;default&#8220; custom_button=&#8220;on&#8220; button_text_size=&#8220;15px&#8220; button_text_color=&#8220;#FFFFFF&#8220; button_bg_color=&#8220;#132C39&#8243; button_border_color=&#8220;#102C38&#8243; button_border_radius=&#8220;8px&#8220; button_font=&#8220;Source Sans 3|900||on|||||&#8220; button_icon=&#8220;&#xf061;||fa||900&#8243; button_icon_color=&#8220;#8BC7C9&#8243; button_on_hover=&#8220;off&#8220; custom_margin=&#8220;1%|30px|0px|0px|false|false&#8220; custom_margin_tablet=&#8220;0px|30px|0px|0px|false|false&#8220; custom_margin_phone=&#8220;0px|0px|3%|0px|false|false&#8220; custom_margin_last_edited=&#8220;on|phone&#8220; custom_padding=&#8220;13px|50px|15px|35px|false|false&#8220; custom_padding_tablet=&#8220;13px|55px|15px|35px|false|false&#8220; custom_padding_phone=&#8220;13px|45px|15px|30px|false|false&#8220; custom_padding_last_edited=&#8220;on|phone&#8220; global_colors_info=&#8220;{}&#8220; button_text_color__hover=&#8220;#132C39&#8243; button_text_color__hover_enabled=&#8220;on|hover&#8220; button_bg_color__hover=&#8220;#8BC7C9&#8243; button_bg_color__hover_enabled=&#8220;on|desktop&#8220; button_border_color__hover=&#8220;#8CC7C7&#8243; button_border_color__hover_enabled=&#8220;on|hover&#8220; button_letter_spacing__hover=&#8220;0px&#8220; button_letter_spacing__hover_enabled=&#8220;on|hover&#8220; button_bg_enable_color__hover=&#8220;on&#8220; button_icon_color__hover=&#8220;#FFFFFF&#8220; button_icon_color__hover_enabled=&#8220;on|hover&#8220;][\/et_pb_button][\/et_pb_column][\/et_pb_row][\/et_pb_section]<\/p>\n","protected":false},"excerpt":{"rendered":"<p>Cookie-RichtlinieDer Betreiber dieser Website ist JM CIFRE PISCINAS und informiert Sie \u00fcber die Verwendung von Cookies auf dieser Website:Cookies sind Dateien, die \u00fcber die von Ihnen besuchten Webseiten auf Ihren Computer heruntergeladen werden k\u00f6nnen. Sie sind Werkzeuge, die eine wesentliche Rolle bei der Bereitstellung zahlreicher Dienste der Informationsgesellschaft spielen (Internetdienste).Arten von Funktions-Cookies gem\u00e4\u00df der Stellungnahme [&hellip;]<\/p>\n","protected":false},"author":1,"featured_media":0,"parent":0,"menu_order":0,"comment_status":"closed","ping_status":"closed","template":"","meta":{"_et_pb_use_builder":"on","_et_pb_old_content":"","_et_gb_content_width":"","footnotes":""},"class_list":["post-1047","page","type-page","status-publish","hentry"],"yoast_head":"<!-- This site is optimized with the Yoast SEO plugin v27.5 - https:\/\/yoast.com\/product\/yoast-seo-wordpress\/ -->\n<title>Cookie-Richtlinie - JMCIFRE<\/title>\n<meta name=\"robots\" content=\"noindex, nofollow\" \/>\n<meta property=\"og:locale\" content=\"de_DE\" \/>\n<meta property=\"og:type\" content=\"article\" \/>\n<meta property=\"og:title\" content=\"Cookie-Richtlinie - JMCIFRE\" \/>\n<meta property=\"og:description\" content=\"Cookie-RichtlinieDer Betreiber dieser Website ist JM CIFRE PISCINAS und informiert Sie \u00fcber die Verwendung von Cookies auf dieser Website:Cookies sind Dateien, die \u00fcber die von Ihnen besuchten Webseiten auf Ihren Computer heruntergeladen werden k\u00f6nnen. Sie sind Werkzeuge, die eine wesentliche Rolle bei der Bereitstellung zahlreicher Dienste der Informationsgesellschaft spielen (Internetdienste).Arten von Funktions-Cookies gem\u00e4\u00df der Stellungnahme [&hellip;]\" \/>\n<meta property=\"og:url\" content=\"https:\/\/www.jmcifrepiscinas.com\/de\/cookie-richtlinie\/\" \/>\n<meta property=\"og:site_name\" content=\"JMCIFRE\" \/>\n<meta property=\"article:modified_time\" content=\"2026-03-25T14:40:15+00:00\" \/>\n<meta name=\"twitter:card\" content=\"summary_large_image\" \/>\n<meta name=\"twitter:label1\" content=\"Gesch\u00e4tzte Lesezeit\" \/>\n\t<meta name=\"twitter:data1\" content=\"10\u00a0Minuten\" \/>\n<script type=\"application\/ld+json\" class=\"yoast-schema-graph\">{\"@context\":\"https:\\\/\\\/schema.org\",\"@graph\":[{\"@type\":\"WebPage\",\"@id\":\"https:\\\/\\\/www.jmcifrepiscinas.com\\\/de\\\/cookie-richtlinie\\\/\",\"url\":\"https:\\\/\\\/www.jmcifrepiscinas.com\\\/de\\\/cookie-richtlinie\\\/\",\"name\":\"Cookie-Richtlinie - JMCIFRE\",\"isPartOf\":{\"@id\":\"https:\\\/\\\/www.jmcifrepiscinas.com\\\/de\\\/#website\"},\"datePublished\":\"2026-03-03T09:54:43+00:00\",\"dateModified\":\"2026-03-25T14:40:15+00:00\",\"breadcrumb\":{\"@id\":\"https:\\\/\\\/www.jmcifrepiscinas.com\\\/de\\\/cookie-richtlinie\\\/#breadcrumb\"},\"inLanguage\":\"de\",\"potentialAction\":[{\"@type\":\"ReadAction\",\"target\":[\"https:\\\/\\\/www.jmcifrepiscinas.com\\\/de\\\/cookie-richtlinie\\\/\"]}]},{\"@type\":\"BreadcrumbList\",\"@id\":\"https:\\\/\\\/www.jmcifrepiscinas.com\\\/de\\\/cookie-richtlinie\\\/#breadcrumb\",\"itemListElement\":[{\"@type\":\"ListItem\",\"position\":1,\"name\":\"Portada\",\"item\":\"https:\\\/\\\/www.jmcifrepiscinas.com\\\/de\\\/\"},{\"@type\":\"ListItem\",\"position\":2,\"name\":\"Cookie-Richtlinie\"}]},{\"@type\":\"WebSite\",\"@id\":\"https:\\\/\\\/www.jmcifrepiscinas.com\\\/de\\\/#website\",\"url\":\"https:\\\/\\\/www.jmcifrepiscinas.com\\\/de\\\/\",\"name\":\"JMCIFRE\",\"description\":\"Piscinas\",\"potentialAction\":[{\"@type\":\"SearchAction\",\"target\":{\"@type\":\"EntryPoint\",\"urlTemplate\":\"https:\\\/\\\/www.jmcifrepiscinas.com\\\/de\\\/?s={search_term_string}\"},\"query-input\":{\"@type\":\"PropertyValueSpecification\",\"valueRequired\":true,\"valueName\":\"search_term_string\"}}],\"inLanguage\":\"de\"}]}<\/script>\n<!-- \/ Yoast SEO plugin. -->","yoast_head_json":{"title":"Cookie-Richtlinie - JMCIFRE","robots":{"index":"noindex","follow":"nofollow"},"og_locale":"de_DE","og_type":"article","og_title":"Cookie-Richtlinie - JMCIFRE","og_description":"Cookie-RichtlinieDer Betreiber dieser Website ist JM CIFRE PISCINAS und informiert Sie \u00fcber die Verwendung von Cookies auf dieser Website:Cookies sind Dateien, die \u00fcber die von Ihnen besuchten Webseiten auf Ihren Computer heruntergeladen werden k\u00f6nnen. Sie sind Werkzeuge, die eine wesentliche Rolle bei der Bereitstellung zahlreicher Dienste der Informationsgesellschaft spielen (Internetdienste).Arten von Funktions-Cookies gem\u00e4\u00df der Stellungnahme [&hellip;]","og_url":"https:\/\/www.jmcifrepiscinas.com\/de\/cookie-richtlinie\/","og_site_name":"JMCIFRE","article_modified_time":"2026-03-25T14:40:15+00:00","twitter_card":"summary_large_image","twitter_misc":{"Gesch\u00e4tzte Lesezeit":"10\u00a0Minuten"},"schema":{"@context":"https:\/\/schema.org","@graph":[{"@type":"WebPage","@id":"https:\/\/www.jmcifrepiscinas.com\/de\/cookie-richtlinie\/","url":"https:\/\/www.jmcifrepiscinas.com\/de\/cookie-richtlinie\/","name":"Cookie-Richtlinie - JMCIFRE","isPartOf":{"@id":"https:\/\/www.jmcifrepiscinas.com\/de\/#website"},"datePublished":"2026-03-03T09:54:43+00:00","dateModified":"2026-03-25T14:40:15+00:00","breadcrumb":{"@id":"https:\/\/www.jmcifrepiscinas.com\/de\/cookie-richtlinie\/#breadcrumb"},"inLanguage":"de","potentialAction":[{"@type":"ReadAction","target":["https:\/\/www.jmcifrepiscinas.com\/de\/cookie-richtlinie\/"]}]},{"@type":"BreadcrumbList","@id":"https:\/\/www.jmcifrepiscinas.com\/de\/cookie-richtlinie\/#breadcrumb","itemListElement":[{"@type":"ListItem","position":1,"name":"Portada","item":"https:\/\/www.jmcifrepiscinas.com\/de\/"},{"@type":"ListItem","position":2,"name":"Cookie-Richtlinie"}]},{"@type":"WebSite","@id":"https:\/\/www.jmcifrepiscinas.com\/de\/#website","url":"https:\/\/www.jmcifrepiscinas.com\/de\/","name":"JMCIFRE","description":"Piscinas","potentialAction":[{"@type":"SearchAction","target":{"@type":"EntryPoint","urlTemplate":"https:\/\/www.jmcifrepiscinas.com\/de\/?s={search_term_string}"},"query-input":{"@type":"PropertyValueSpecification","valueRequired":true,"valueName":"search_term_string"}}],"inLanguage":"de"}]}},"_links":{"self":[{"href":"https:\/\/www.jmcifrepiscinas.com\/de\/wp-json\/wp\/v2\/pages\/1047","targetHints":{"allow":["GET"]}}],"collection":[{"href":"https:\/\/www.jmcifrepiscinas.com\/de\/wp-json\/wp\/v2\/pages"}],"about":[{"href":"https:\/\/www.jmcifrepiscinas.com\/de\/wp-json\/wp\/v2\/types\/page"}],"author":[{"embeddable":true,"href":"https:\/\/www.jmcifrepiscinas.com\/de\/wp-json\/wp\/v2\/users\/1"}],"replies":[{"embeddable":true,"href":"https:\/\/www.jmcifrepiscinas.com\/de\/wp-json\/wp\/v2\/comments?post=1047"}],"version-history":[{"count":2,"href":"https:\/\/www.jmcifrepiscinas.com\/de\/wp-json\/wp\/v2\/pages\/1047\/revisions"}],"predecessor-version":[{"id":1049,"href":"https:\/\/www.jmcifrepiscinas.com\/de\/wp-json\/wp\/v2\/pages\/1047\/revisions\/1049"}],"wp:attachment":[{"href":"https:\/\/www.jmcifrepiscinas.com\/de\/wp-json\/wp\/v2\/media?parent=1047"}],"curies":[{"name":"wp","href":"https:\/\/api.w.org\/{rel}","templated":true}]}}