{"id":1050,"date":"2026-03-03T09:54:26","date_gmt":"2026-03-03T09:54:26","guid":{"rendered":"https:\/\/www.jmcifrepiscinas.com\/datenschutzrichtlinie\/"},"modified":"2026-03-25T14:44:54","modified_gmt":"2026-03-25T14:44:54","slug":"datenschutzrichtlinie","status":"publish","type":"page","link":"https:\/\/www.jmcifrepiscinas.com\/de\/datenschutzrichtlinie\/","title":{"rendered":"Datenschutzrichtlinie"},"content":{"rendered":"<p>[et_pb_section fb_built=&#8220;1&#8243; custom_padding_last_edited=&#8220;on|phone&#8220; admin_label=&#8220;HERO CONTACTO&#8220; module_id=&#8220;Hero&#8220; _builder_version=&#8220;4.27.6&#8243; _module_preset=&#8220;default&#8220; background_color=&#8220;#76C0C1&#8243; background_enable_image=&#8220;off&#8220; parallax=&#8220;on&#8220; background_blend=&#8220;multiply&#8220; custom_padding=&#8220;90px||90px||true|false&#8220; custom_padding_tablet=&#8220;90px||90px||true|false&#8220; custom_padding_phone=&#8220;120px||120px||true|false&#8220; locked=&#8220;off&#8220; collapsed=&#8220;off&#8220; global_colors_info=&#8220;{}&#8220;][et_pb_row _builder_version=&#8220;4.27.6&#8243; _module_preset=&#8220;default&#8220; width=&#8220;90%&#8220; max_width=&#8220;90%&#8220; global_colors_info=&#8220;{}&#8220;][et_pb_column type=&#8220;4_4&#8243; _builder_version=&#8220;4.27.4&#8243; _module_preset=&#8220;default&#8220; global_colors_info=&#8220;{}&#8220;][et_pb_text admin_label=&#8220;HERO CONTACTO&#8220; _builder_version=&#8220;4.27.6&#8243; _module_preset=&#8220;default&#8220; header_font=&#8220;Source Sans 3|900||on|||||&#8220; header_text_color=&#8220;#0C2731&#8243; header_font_size=&#8220;56px&#8220; max_width=&#8220;720px&#8220; module_alignment=&#8220;left&#8220; custom_margin=&#8220;||0px||false|false&#8220; custom_padding=&#8220;||0px||false|false&#8220; header_font_size_tablet=&#8220;36px&#8220; header_font_size_phone=&#8220;32px&#8220; header_font_size_last_edited=&#8220;on|phone&#8220; global_colors_info=&#8220;{}&#8220;]<\/p>\n<h1>Datenschutzrichtlinie<\/h1>\n<p>[\/et_pb_text][\/et_pb_column][\/et_pb_row][\/et_pb_section][et_pb_section fb_built=&#8220;1&#8243; admin_label=&#8220;Nuestro Concepto \/ Quienes Somos&#8220; module_id=&#8220;Despensa&#8220; _builder_version=&#8220;4.27.5&#8243; _module_preset=&#8220;default&#8220; background_color=&#8220;#FAFAF7&#8243; background_enable_image=&#8220;off&#8220; parallax=&#8220;on&#8220; custom_padding=&#8220;80px||80px||true|false&#8220; locked=&#8220;off&#8220; collapsed=&#8220;off&#8220; global_colors_info=&#8220;{}&#8220;][et_pb_row use_custom_gutter=&#8220;on&#8220; make_equal=&#8220;on&#8220; module_id=&#8220;Formulario&#8220; _builder_version=&#8220;4.27.4&#8243; _module_preset=&#8220;default&#8220; background_enable_color=&#8220;off&#8220; width=&#8220;90%&#8220; width_tablet=&#8220;90%&#8220; width_phone=&#8220;90%&#8220; width_last_edited=&#8220;on|tablet&#8220; max_width=&#8220;90%&#8220; max_width_tablet=&#8220;90%&#8220; max_width_phone=&#8220;90%&#8220; max_width_last_edited=&#8220;on|desktop&#8220; custom_margin=&#8220;0px||0px||false|false&#8220; custom_padding=&#8220;0px||0px||false|false&#8220; global_colors_info=&#8220;{}&#8220; custom_css_main_element_last_edited=&#8220;on|tablet&#8220; custom_css_main_element_phone=&#8220;display: inherit;||align-items: inherit;&#8220; custom_css_main_element_tablet=&#8220;display: inherit;||align-items: inherit;&#8220;][et_pb_column type=&#8220;4_4&#8243; _builder_version=&#8220;4.20.4&#8243; _module_preset=&#8220;default&#8220; custom_padding=&#8220;0px||0px||true|true&#8220; custom_padding_tablet=&#8220;5%|35px|5%|35px|true|true&#8220; custom_padding_phone=&#8220;5%|10px|5%|10px|true|true&#8220; custom_padding_last_edited=&#8220;off|desktop&#8220; animation_style=&#8220;fade&#8220; animation_delay=&#8220;500ms&#8220; global_colors_info=&#8220;{}&#8220;][et_pb_text _builder_version=&#8220;4.27.6&#8243; _module_preset=&#8220;default&#8220; text_font=&#8220;Source Sans 3||||||||&#8220; text_text_color=&#8220;#4A4A4A&#8220; text_font_size=&#8220;18px&#8220; text_line_height=&#8220;1.5em&#8220; link_font=&#8220;Source Sans 3||||on|||#76C0C1|&#8220; link_text_color=&#8220;#76C0C1&#8243; header_2_font=&#8220;Source Sans 3|900||on|||||&#8220; header_2_text_color=&#8220;#132C39&#8243; header_2_font_size=&#8220;40px&#8220; header_2_letter_spacing=&#8220;-0.5px&#8220; header_2_line_height=&#8220;1.2em&#8220; header_3_font=&#8220;Source Sans 3|900||on|||||&#8220; header_3_text_color=&#8220;#0C2731&#8243; header_3_font_size=&#8220;28px&#8220; header_4_font=&#8220;Source Sans 3|900|||||||&#8220; header_4_text_color=&#8220;#132C39&#8243; max_width_tablet=&#8220;420px&#8220; max_width_phone=&#8220;90%&#8220; max_width_last_edited=&#8220;on|phone&#8220; module_alignment=&#8220;left&#8220; custom_padding=&#8220;3%||0px||false|false&#8220; header_font_size_tablet=&#8220;&#8220; header_font_size_phone=&#8220;28px&#8220; header_font_size_last_edited=&#8220;on|phone&#8220; header_2_font_size_tablet=&#8220;36px&#8220; header_2_font_size_phone=&#8220;32px&#8220; header_2_font_size_last_edited=&#8220;on|phone&#8220; header_3_font_size_tablet=&#8220;24px&#8220; header_3_font_size_phone=&#8220;20px&#8220; header_3_font_size_last_edited=&#8220;on|phone&#8220; global_colors_info=&#8220;{}&#8220; link_text_color__hover_enabled=&#8220;on|hover&#8220; link_text_color__hover=&#8220;#76C0C1&#8243;]<\/p>\n<p><a href=\"http:\/\/www.jmcifrepisicnas.com\/\">http:\/\/www.jmcifrepisicnas.com\/<\/a><\/p>\n<p><\/p>\n<p>Es handelt sich um eine Internetdomain, deren Inhaber Jaime Morales Cifre mit der Ausweisnummer 43078183B ist, im Folgenden \u201eJMCIFRE PISCINAS\u201c genannt, mit Sitz in der C\/ Vicente Joan y Rossell\u00f3 Nr. 25, Erdgeschoss, 07013 Palma.<\/p>\n<p><\/p>\n<p>Gem\u00e4\u00df den Bestimmungen der Verordnung (EU) 2016\/679 des Europ\u00e4ischen Parlaments und des Rates vom 27. April \u00fcber den Schutz nat\u00fcrlicher Personen bei der Verarbeitung personenbezogener Daten und den freien Datenverkehr sowie dem Organgesetz 3\/2018 zum Schutz personenbezogener Daten und zur Gew\u00e4hrleistung digitaler Rechte legen wir die Datenschutzerkl\u00e4rung dar.<\/p>\n<p><\/p>\n<p>Wir behalten uns das Recht vor, diese Datenschutzerkl\u00e4rung zu \u00e4ndern, um sie an neue gesetzliche Bestimmungen, Rechtsprechung oder Auslegungen der spanischen Datenschutzbeh\u00f6rde anzupassen. In diesem Fall werden diese \u00c4nderungen angek\u00fcndigt, wobei die vorgenommenen \u00c4nderungen klar und rechtzeitig angegeben werden und, falls erforderlich, die Zustimmung zu diesen \u00c4nderungen eingeholt wird.<\/p>\n<p><\/p>\n<p>Der Nutzer verpflichtet sich, dass alle von ihm bereitgestellten Daten wahrheitsgem\u00e4\u00df und korrekt sind.<\/p>\n<p><\/p>\n<h3>WELCHE ART VON DATEN WERDEN WIR VERWENDEN UND ZU WELCHEM ZWECK?<\/h3>\n<p><\/p>\n<p>Personenbezogene Daten, Steuerdaten und Finanzdaten.<br \/>Die Daten werden ausschlie\u00dflich zur Erbringung der Dienstleistungen erhoben:<\/p>\n<p><\/p>\n<ul>\n<li><strong>Bearbeitung von Kontaktanfragen:<\/strong> Bearbeitung und Verwaltung von Anfragen, Informationsanfragen oder sonstigen Anliegen, die der Nutzer \u00fcber das auf der Website bereitgestellte Kontaktformular einreicht.<\/li>\n<li><strong>Erstellung und Versand von Angeboten:<\/strong> Nutzung der bereitgestellten Daten zur Erstellung, zum Versand und zur Nachverfolgung von angeforderten Angeboten im Zusammenhang mit Wartungsdienstleistungen f\u00fcr Schwimmb\u00e4der und Saunen.<\/li>\n<li><strong>Erbringung der Dienstleistung: I<\/strong>m Falle eines Vertragsabschlusses die Abwicklung der Gesch\u00e4ftsbeziehung und die Erbringung der angeforderten Dienstleistungen, einschlie\u00dflich administrativer Aufgaben und der Rechnungsstellung.<\/li>\n<li><strong>Servicebezogene Mitteilungen:<\/strong> Kontaktaufnahme mit dem Nutzer auf elektronischem oder telefonischem Wege, um ihn \u00fcber den Status seines Antrags, seines Kostenvoranschlags oder der beauftragten Dienstleistung zu informieren.<\/li>\n<li><strong>Erf\u00fcllung gesetzlicher Verpflichtungen:<\/strong> Verarbeitung der Daten, die zur Erf\u00fcllung der geltenden gesetzlichen Verpflichtungen erforderlich sind, insbesondere in steuerlichen, buchhalterischen und administrativen Angelegenheiten.<\/li>\n<\/ul>\n<p><\/p>\n<h3>WELCHE RECHTLICHEN GRUNDLAGEN GIBT ES F\u00dcR DIE VERARBEITUNG?<\/h3>\n<p><\/p>\n<p>Wir d\u00fcrfen die personenbezogenen Daten des Nutzers aufgrund eines berechtigten Interesses in Bezug auf den Dienst und den Versand von Mitteilungen im Zusammenhang mit dem Dienst verarbeiten.<\/p>\n<p><\/p>\n<p>Wenn die Rechtsgrundlage f\u00fcr die Verarbeitung die Einwilligung ist, bitten wir um die Zustimmung als Rechtsgrundlage f\u00fcr die Nutzung der Daten. Dabei ist zu beachten, dass der Nutzer diese Einwilligung jederzeit widerrufen kann, indem er uns eine E-Mail an <a href=\"mailto:jaimejosepiscinas@gmail.com\">jaimejosepiscinas@gmail.com<\/a><\/p>\n<p><\/p>\n<h3>WIE LANGE WERDEN BENUTZERDATEN AUFBEWAHREN?<\/h3>\n<p><\/p>\n<p>Wir speichern die personenbezogenen Daten des Nutzers in unseren Informationssystemen so lange, wie es f\u00fcr die Fortsetzung der Kundenbeziehung und zur Erf\u00fcllung gesetzlicher Verpflichtungen erforderlich ist.<\/p>\n<p><\/p>\n<h3>AN WEN K\u00d6NNEN WIR DIE BENUTZERDATEN WEITERGEBEN?<\/h3>\n<p><\/p>\n<p>Nutzerdaten werden nicht an Dritte weitergegeben, es sei denn, wir sind gesetzlich dazu verpflichtet, Sie erteilen uns Ihre ausdr\u00fcckliche Einwilligung und\/oder die Weitergabe ist zur Erf\u00fcllung des vereinbarten Vertrags \u00fcber die Erbringung der Dienstleistung erforderlich.<\/p>\n<p><\/p>\n<p>Um die von Ihnen angeforderten Dienstleistungen und\/oder Produkte zu verwalten, ist es in einigen F\u00e4llen notwendig, Ihre Daten zu administrativen Zwecken, zur Speicherung oder zur Unterst\u00fctzung der Kommunikation mit Unternehmen derselben Unternehmensgruppe und\/oder Dienstleistern zu teilen.<\/p>\n<p><\/p>\n<p>Daten\u00fcbermittlungen au\u00dferhalb der Europ\u00e4ischen Union sind nicht geplant, au\u00dfer in F\u00e4llen, in denen der Nutzer uns ausdr\u00fccklich zur Durchf\u00fchrung des von uns angebotenen Dienstes erm\u00e4chtigt.<\/p>\n<p><\/p>\n<h3>\u00bfC\u00d3MO PUEDE EL USUARIO EJERCER SUS DERECHOS?<\/h3>\n<p><\/p>\n<p>Der Nutzer kann seine Rechte auf Auskunft, Berichtigung, Widerspruch und L\u00f6schung seiner Daten sowie auf Einschr\u00e4nkung und \u00dcbertragbarkeit derselben aus\u00fcben, indem er eine E-Mail an die folgende Adresse sendet: <a href=\"mailto:jaimejosepiscinas@gmail.com\">jaimejosepiscinas@gmail.com<\/a><\/p>\n<p><\/p>\n<p>In folgenden F\u00e4llen:<\/p>\n<p><\/p>\n<ul>\n<li>Sie k\u00f6nnen unrichtige Daten berichtigen oder, falls zutreffend, deren L\u00f6schung verlangen (Recht auf Vergessenwerden), beispielsweise wenn Sie Ihre Einwilligung widerrufen haben. In diesem Fall speichern wir Ihre Daten nur zur Geltendmachung oder Verteidigung von Rechtsanspr\u00fcchen und\/oder zur Erf\u00fcllung einer rechtlichen Verpflichtung.<\/li>\n<li>Die Einschr\u00e4nkung der Verarbeitung von Daten zu beantragen, wenn die Daten beispielsweise f\u00fcr die Zwecke, f\u00fcr die sie erhoben wurden, nicht mehr erforderlich sind.<\/li>\n<li>Um die \u00dcbertragbarkeit der Nutzerdaten in einem automatisierten Format zu beantragen, das deren Kopieren, \u00dcbertragen und Weiterleiten erm\u00f6glicht, wenn die Verarbeitung automatisiert erfolgt.<\/li>\n<li>Dar\u00fcber hinaus k\u00f6nnen Sie eine Beschwerde bei der Aufsichtsbeh\u00f6rde (spanische Datenschutzbeh\u00f6rde) einreichen <a href=\"http:\/\/www.agpd.es\">www.agpd.es<\/a><\/li>\n<\/ul>\n<p><\/p>\n<h3>WELCHE ART VON DATEN IST VERZICHTBAR?<\/h3>\n<p><\/p>\n<p>Pflichtfelder in Online-Formularen sind mit einem Sternchen (*) und\/oder einem Warnhinweis gekennzeichnet. Werden diese Angaben nicht gemacht, k\u00f6nnen wir Ihnen die mit diesen Daten verbundenen Dienste m\u00f6glicherweise nicht anbieten. Wir \u00fcbernehmen keine Haftung f\u00fcr die Nichtbereitstellung oder unvollst\u00e4ndige Bereitstellung dieser Dienste.<\/p>\n<p>[\/et_pb_text][et_pb_button button_url=&#8220;https:\/\/www.jmcifrepiscinas.com\/de\/&#8220; url_new_window=&#8220;on&#8220; button_text=&#8220;Zur\u00fcck nach oben&#8220; button_alignment=&#8220;left&#8220; disabled_on=&#8220;off|off|off&#8220; _builder_version=&#8220;4.27.6&#8243; _module_preset=&#8220;default&#8220; custom_button=&#8220;on&#8220; button_text_size=&#8220;15px&#8220; button_text_color=&#8220;#FFFFFF&#8220; button_bg_color=&#8220;#132C39&#8243; button_border_color=&#8220;#102C38&#8243; button_border_radius=&#8220;8px&#8220; button_font=&#8220;Source Sans 3|900||on|||||&#8220; button_icon=&#8220;&#xf061;||fa||900&#8243; button_icon_color=&#8220;#8BC7C9&#8243; button_on_hover=&#8220;off&#8220; custom_margin=&#8220;1%|30px|0px|0px|false|false&#8220; custom_margin_tablet=&#8220;0px|30px|0px|0px|false|false&#8220; custom_margin_phone=&#8220;0px|0px|3%|0px|false|false&#8220; custom_margin_last_edited=&#8220;on|phone&#8220; custom_padding=&#8220;13px|50px|15px|35px|false|false&#8220; custom_padding_tablet=&#8220;13px|55px|15px|35px|false|false&#8220; custom_padding_phone=&#8220;13px|45px|15px|30px|false|false&#8220; custom_padding_last_edited=&#8220;on|phone&#8220; global_colors_info=&#8220;{}&#8220; button_text_color__hover=&#8220;#132C39&#8243; button_text_color__hover_enabled=&#8220;on|hover&#8220; button_bg_color__hover=&#8220;#8BC7C9&#8243; button_bg_color__hover_enabled=&#8220;on|desktop&#8220; button_border_color__hover=&#8220;#8CC7C7&#8243; button_border_color__hover_enabled=&#8220;on|hover&#8220; button_letter_spacing__hover=&#8220;0px&#8220; button_letter_spacing__hover_enabled=&#8220;on|hover&#8220; button_bg_enable_color__hover=&#8220;on&#8220; button_icon_color__hover=&#8220;#FFFFFF&#8220; button_icon_color__hover_enabled=&#8220;on|hover&#8220;][\/et_pb_button][\/et_pb_column][\/et_pb_row][\/et_pb_section]<\/p>\n","protected":false},"excerpt":{"rendered":"<p>Datenschutzrichtliniehttp:\/\/www.jmcifrepisicnas.com\/Es handelt sich um eine Internetdomain, deren Inhaber Jaime Morales Cifre mit der Ausweisnummer 43078183B ist, im Folgenden \u201eJMCIFRE PISCINAS\u201c genannt, mit Sitz in der C\/ Vicente Joan y Rossell\u00f3 Nr. 25, Erdgeschoss, 07013 Palma.Gem\u00e4\u00df den Bestimmungen der Verordnung (EU) 2016\/679 des Europ\u00e4ischen Parlaments und des Rates vom 27. April \u00fcber den Schutz nat\u00fcrlicher Personen [&hellip;]<\/p>\n","protected":false},"author":1,"featured_media":0,"parent":0,"menu_order":0,"comment_status":"closed","ping_status":"closed","template":"","meta":{"_et_pb_use_builder":"on","_et_pb_old_content":"","_et_gb_content_width":"","footnotes":""},"class_list":["post-1050","page","type-page","status-publish","hentry"],"yoast_head":"<!-- This site is optimized with the Yoast SEO plugin v27.5 - https:\/\/yoast.com\/product\/yoast-seo-wordpress\/ -->\n<title>Datenschutzrichtlinie - JMCIFRE<\/title>\n<meta name=\"robots\" content=\"noindex, nofollow\" \/>\n<meta property=\"og:locale\" content=\"de_DE\" \/>\n<meta property=\"og:type\" content=\"article\" \/>\n<meta property=\"og:title\" content=\"Datenschutzrichtlinie - JMCIFRE\" \/>\n<meta property=\"og:description\" content=\"Datenschutzrichtliniehttp:\/\/www.jmcifrepisicnas.com\/Es handelt sich um eine Internetdomain, deren Inhaber Jaime Morales Cifre mit der Ausweisnummer 43078183B ist, im Folgenden \u201eJMCIFRE PISCINAS\u201c genannt, mit Sitz in der C\/ Vicente Joan y Rossell\u00f3 Nr. 25, Erdgeschoss, 07013 Palma.Gem\u00e4\u00df den Bestimmungen der Verordnung (EU) 2016\/679 des Europ\u00e4ischen Parlaments und des Rates vom 27. April \u00fcber den Schutz nat\u00fcrlicher Personen [&hellip;]\" \/>\n<meta property=\"og:url\" content=\"https:\/\/www.jmcifrepiscinas.com\/de\/datenschutzrichtlinie\/\" \/>\n<meta property=\"og:site_name\" content=\"JMCIFRE\" \/>\n<meta property=\"article:modified_time\" content=\"2026-03-25T14:44:54+00:00\" \/>\n<meta name=\"twitter:card\" content=\"summary_large_image\" \/>\n<meta name=\"twitter:label1\" content=\"Gesch\u00e4tzte Lesezeit\" \/>\n\t<meta name=\"twitter:data1\" content=\"7\u00a0Minuten\" \/>\n<script type=\"application\/ld+json\" class=\"yoast-schema-graph\">{\"@context\":\"https:\\\/\\\/schema.org\",\"@graph\":[{\"@type\":\"WebPage\",\"@id\":\"https:\\\/\\\/www.jmcifrepiscinas.com\\\/de\\\/datenschutzrichtlinie\\\/\",\"url\":\"https:\\\/\\\/www.jmcifrepiscinas.com\\\/de\\\/datenschutzrichtlinie\\\/\",\"name\":\"Datenschutzrichtlinie - JMCIFRE\",\"isPartOf\":{\"@id\":\"https:\\\/\\\/www.jmcifrepiscinas.com\\\/de\\\/#website\"},\"datePublished\":\"2026-03-03T09:54:26+00:00\",\"dateModified\":\"2026-03-25T14:44:54+00:00\",\"breadcrumb\":{\"@id\":\"https:\\\/\\\/www.jmcifrepiscinas.com\\\/de\\\/datenschutzrichtlinie\\\/#breadcrumb\"},\"inLanguage\":\"de\",\"potentialAction\":[{\"@type\":\"ReadAction\",\"target\":[\"https:\\\/\\\/www.jmcifrepiscinas.com\\\/de\\\/datenschutzrichtlinie\\\/\"]}]},{\"@type\":\"BreadcrumbList\",\"@id\":\"https:\\\/\\\/www.jmcifrepiscinas.com\\\/de\\\/datenschutzrichtlinie\\\/#breadcrumb\",\"itemListElement\":[{\"@type\":\"ListItem\",\"position\":1,\"name\":\"Portada\",\"item\":\"https:\\\/\\\/www.jmcifrepiscinas.com\\\/de\\\/\"},{\"@type\":\"ListItem\",\"position\":2,\"name\":\"Datenschutzrichtlinie\"}]},{\"@type\":\"WebSite\",\"@id\":\"https:\\\/\\\/www.jmcifrepiscinas.com\\\/de\\\/#website\",\"url\":\"https:\\\/\\\/www.jmcifrepiscinas.com\\\/de\\\/\",\"name\":\"JMCIFRE\",\"description\":\"Piscinas\",\"potentialAction\":[{\"@type\":\"SearchAction\",\"target\":{\"@type\":\"EntryPoint\",\"urlTemplate\":\"https:\\\/\\\/www.jmcifrepiscinas.com\\\/de\\\/?s={search_term_string}\"},\"query-input\":{\"@type\":\"PropertyValueSpecification\",\"valueRequired\":true,\"valueName\":\"search_term_string\"}}],\"inLanguage\":\"de\"}]}<\/script>\n<!-- \/ Yoast SEO plugin. -->","yoast_head_json":{"title":"Datenschutzrichtlinie - JMCIFRE","robots":{"index":"noindex","follow":"nofollow"},"og_locale":"de_DE","og_type":"article","og_title":"Datenschutzrichtlinie - JMCIFRE","og_description":"Datenschutzrichtliniehttp:\/\/www.jmcifrepisicnas.com\/Es handelt sich um eine Internetdomain, deren Inhaber Jaime Morales Cifre mit der Ausweisnummer 43078183B ist, im Folgenden \u201eJMCIFRE PISCINAS\u201c genannt, mit Sitz in der C\/ Vicente Joan y Rossell\u00f3 Nr. 25, Erdgeschoss, 07013 Palma.Gem\u00e4\u00df den Bestimmungen der Verordnung (EU) 2016\/679 des Europ\u00e4ischen Parlaments und des Rates vom 27. April \u00fcber den Schutz nat\u00fcrlicher Personen [&hellip;]","og_url":"https:\/\/www.jmcifrepiscinas.com\/de\/datenschutzrichtlinie\/","og_site_name":"JMCIFRE","article_modified_time":"2026-03-25T14:44:54+00:00","twitter_card":"summary_large_image","twitter_misc":{"Gesch\u00e4tzte Lesezeit":"7\u00a0Minuten"},"schema":{"@context":"https:\/\/schema.org","@graph":[{"@type":"WebPage","@id":"https:\/\/www.jmcifrepiscinas.com\/de\/datenschutzrichtlinie\/","url":"https:\/\/www.jmcifrepiscinas.com\/de\/datenschutzrichtlinie\/","name":"Datenschutzrichtlinie - JMCIFRE","isPartOf":{"@id":"https:\/\/www.jmcifrepiscinas.com\/de\/#website"},"datePublished":"2026-03-03T09:54:26+00:00","dateModified":"2026-03-25T14:44:54+00:00","breadcrumb":{"@id":"https:\/\/www.jmcifrepiscinas.com\/de\/datenschutzrichtlinie\/#breadcrumb"},"inLanguage":"de","potentialAction":[{"@type":"ReadAction","target":["https:\/\/www.jmcifrepiscinas.com\/de\/datenschutzrichtlinie\/"]}]},{"@type":"BreadcrumbList","@id":"https:\/\/www.jmcifrepiscinas.com\/de\/datenschutzrichtlinie\/#breadcrumb","itemListElement":[{"@type":"ListItem","position":1,"name":"Portada","item":"https:\/\/www.jmcifrepiscinas.com\/de\/"},{"@type":"ListItem","position":2,"name":"Datenschutzrichtlinie"}]},{"@type":"WebSite","@id":"https:\/\/www.jmcifrepiscinas.com\/de\/#website","url":"https:\/\/www.jmcifrepiscinas.com\/de\/","name":"JMCIFRE","description":"Piscinas","potentialAction":[{"@type":"SearchAction","target":{"@type":"EntryPoint","urlTemplate":"https:\/\/www.jmcifrepiscinas.com\/de\/?s={search_term_string}"},"query-input":{"@type":"PropertyValueSpecification","valueRequired":true,"valueName":"search_term_string"}}],"inLanguage":"de"}]}},"_links":{"self":[{"href":"https:\/\/www.jmcifrepiscinas.com\/de\/wp-json\/wp\/v2\/pages\/1050","targetHints":{"allow":["GET"]}}],"collection":[{"href":"https:\/\/www.jmcifrepiscinas.com\/de\/wp-json\/wp\/v2\/pages"}],"about":[{"href":"https:\/\/www.jmcifrepiscinas.com\/de\/wp-json\/wp\/v2\/types\/page"}],"author":[{"embeddable":true,"href":"https:\/\/www.jmcifrepiscinas.com\/de\/wp-json\/wp\/v2\/users\/1"}],"replies":[{"embeddable":true,"href":"https:\/\/www.jmcifrepiscinas.com\/de\/wp-json\/wp\/v2\/comments?post=1050"}],"version-history":[{"count":2,"href":"https:\/\/www.jmcifrepiscinas.com\/de\/wp-json\/wp\/v2\/pages\/1050\/revisions"}],"predecessor-version":[{"id":1052,"href":"https:\/\/www.jmcifrepiscinas.com\/de\/wp-json\/wp\/v2\/pages\/1050\/revisions\/1052"}],"wp:attachment":[{"href":"https:\/\/www.jmcifrepiscinas.com\/de\/wp-json\/wp\/v2\/media?parent=1050"}],"curies":[{"name":"wp","href":"https:\/\/api.w.org\/{rel}","templated":true}]}}