{"id":1038,"date":"2026-03-03T09:54:43","date_gmt":"2026-03-03T09:54:43","guid":{"rendered":"https:\/\/www.jmcifrepiscinas.com\/cookie-policy\/"},"modified":"2026-03-25T14:24:44","modified_gmt":"2026-03-25T14:24:44","slug":"cookie-policy","status":"publish","type":"page","link":"https:\/\/www.jmcifrepiscinas.com\/en\/cookie-policy\/","title":{"rendered":"Cookie Policy"},"content":{"rendered":"<p>[et_pb_section fb_built=&#8221;1&#8243; custom_padding_last_edited=&#8221;on|phone&#8221; admin_label=&#8221;HERO CONTACTO&#8221; module_id=&#8221;Hero&#8221; _builder_version=&#8221;4.27.6&#8243; _module_preset=&#8221;default&#8221; background_color=&#8221;#76C0C1&#8243; background_enable_image=&#8221;off&#8221; parallax=&#8221;on&#8221; background_blend=&#8221;multiply&#8221; custom_padding=&#8221;90px||90px||true|false&#8221; custom_padding_tablet=&#8221;90px||90px||true|false&#8221; custom_padding_phone=&#8221;120px||120px||true|false&#8221; locked=&#8221;off&#8221; collapsed=&#8221;off&#8221; global_colors_info=&#8221;{}&#8221;][et_pb_row _builder_version=&#8221;4.27.6&#8243; _module_preset=&#8221;default&#8221; width=&#8221;90%&#8221; max_width=&#8221;90%&#8221; global_colors_info=&#8221;{}&#8221;][et_pb_column type=&#8221;4_4&#8243; _builder_version=&#8221;4.27.4&#8243; _module_preset=&#8221;default&#8221; global_colors_info=&#8221;{}&#8221;][et_pb_text admin_label=&#8221;HERO CONTACTO&#8221; _builder_version=&#8221;4.27.6&#8243; _module_preset=&#8221;default&#8221; header_font=&#8221;Source Sans 3|900||on|||||&#8221; header_text_color=&#8221;#0C2731&#8243; header_font_size=&#8221;56px&#8221; max_width=&#8221;720px&#8221; module_alignment=&#8221;left&#8221; custom_margin=&#8221;||0px||false|false&#8221; custom_padding=&#8221;||0px||false|false&#8221; hover_enabled=&#8221;0&#8243; header_font_size_tablet=&#8221;36px&#8221; header_font_size_phone=&#8221;32px&#8221; header_font_size_last_edited=&#8221;on|phone&#8221; global_colors_info=&#8221;{}&#8221; sticky_enabled=&#8221;0&#8243;]<\/p>\n<h1>Cookie Policy<\/h1>\n<p>[\/et_pb_text][\/et_pb_column][\/et_pb_row][\/et_pb_section][et_pb_section fb_built=&#8221;1&#8243; admin_label=&#8221;Nuestro Concepto \/ Quienes Somos&#8221; module_id=&#8221;Despensa&#8221; _builder_version=&#8221;4.27.5&#8243; _module_preset=&#8221;default&#8221; background_color=&#8221;#FAFAF7&#8243; background_enable_image=&#8221;off&#8221; parallax=&#8221;on&#8221; custom_padding=&#8221;80px||80px||true|false&#8221; locked=&#8221;off&#8221; collapsed=&#8221;off&#8221; global_colors_info=&#8221;{}&#8221;][et_pb_row use_custom_gutter=&#8221;on&#8221; make_equal=&#8221;on&#8221; module_id=&#8221;Formulario&#8221; _builder_version=&#8221;4.27.4&#8243; _module_preset=&#8221;default&#8221; background_enable_color=&#8221;off&#8221; width=&#8221;90%&#8221; width_tablet=&#8221;90%&#8221; width_phone=&#8221;90%&#8221; width_last_edited=&#8221;on|tablet&#8221; max_width=&#8221;90%&#8221; max_width_tablet=&#8221;90%&#8221; max_width_phone=&#8221;90%&#8221; max_width_last_edited=&#8221;on|desktop&#8221; custom_margin=&#8221;0px||0px||false|false&#8221; custom_padding=&#8221;0px||0px||false|false&#8221; global_colors_info=&#8221;{}&#8221; custom_css_main_element_last_edited=&#8221;on|tablet&#8221; custom_css_main_element_phone=&#8221;display: inherit;||align-items: inherit;&#8221; custom_css_main_element_tablet=&#8221;display: inherit;||align-items: inherit;&#8221;][et_pb_column type=&#8221;4_4&#8243; _builder_version=&#8221;4.20.4&#8243; _module_preset=&#8221;default&#8221; custom_padding=&#8221;0px||0px||true|true&#8221; custom_padding_tablet=&#8221;5%|35px|5%|35px|true|true&#8221; custom_padding_phone=&#8221;5%|10px|5%|10px|true|true&#8221; custom_padding_last_edited=&#8221;off|desktop&#8221; animation_style=&#8221;fade&#8221; animation_delay=&#8221;500ms&#8221; global_colors_info=&#8221;{}&#8221;][et_pb_text _builder_version=&#8221;4.27.6&#8243; _module_preset=&#8221;default&#8221; text_font=&#8221;Source Sans 3||||||||&#8221; text_text_color=&#8221;#4A4A4A&#8221; text_font_size=&#8221;18px&#8221; text_line_height=&#8221;1.5em&#8221; link_font=&#8221;Source Sans 3||||on|||#76C0C1|&#8221; link_text_color=&#8221;#76C0C1&#8243; header_2_font=&#8221;Source Sans 3|900||on|||||&#8221; header_2_text_color=&#8221;#132C39&#8243; header_2_font_size=&#8221;40px&#8221; header_2_letter_spacing=&#8221;-0.5px&#8221; header_2_line_height=&#8221;1.2em&#8221; header_3_font=&#8221;Source Sans 3|900||on|||||&#8221; header_3_text_color=&#8221;#0C2731&#8243; header_3_font_size=&#8221;28px&#8221; header_4_font=&#8221;Source Sans 3|900|||||||&#8221; header_4_text_color=&#8221;#132C39&#8243; max_width_tablet=&#8221;420px&#8221; max_width_phone=&#8221;90%&#8221; max_width_last_edited=&#8221;on|phone&#8221; module_alignment=&#8221;left&#8221; custom_padding=&#8221;3%||0px||false|false&#8221; header_font_size_tablet=&#8221;&#8221; header_font_size_phone=&#8221;28px&#8221; header_font_size_last_edited=&#8221;on|phone&#8221; header_2_font_size_tablet=&#8221;36px&#8221; header_2_font_size_phone=&#8221;32px&#8221; header_2_font_size_last_edited=&#8221;on|phone&#8221; header_3_font_size_tablet=&#8221;24px&#8221; header_3_font_size_phone=&#8221;20px&#8221; header_3_font_size_last_edited=&#8221;on|phone&#8221; global_colors_info=&#8221;{}&#8221; link_text_color__hover_enabled=&#8221;on|hover&#8221; link_text_color__hover=&#8221;#76C0C1&#8243;]<\/p>\n<p>The company that owns this website is JM CIFRE PISCINAS, and it would like to inform you about the use of cookies on this website:<\/p>\n<p><\/p>\n<p>Cookies are files that may be downloaded to your computer via the websites you visit. They are tools that play an essential role in the provision of numerous information society services (online services).<\/p>\n<p><\/p>\n<h2><strong>Types of functional cookies according to Opinion 4\/2012 of the Article 29 Working Party<\/strong><\/h2>\n<p><\/p>\n<p><strong>User input cookies:<\/strong><br \/>For example, to remember data entered into forms or shopping baskets.<\/p>\n<p><\/p>\n<p><strong>Authentication or user identification cookies (session-only):<\/strong><br \/>These enable the session to remain active.<\/p>\n<p><\/p>\n<p><strong>User security cookies:<\/strong><br \/>These detect failed attempts or misuse (e.g. multiple login attempts).<\/p>\n<p><\/p>\n<p><strong>Media player session cookies:<\/strong><br \/>Required to play audio or video.<\/p>\n<p><\/p>\n<p><strong>Session cookies for load balancing:<\/strong><br \/>They distribute traffic across servers.<\/p>\n<p><\/p>\n<p><strong>Session cookies for load balancing:<\/strong><br \/>They distribute traffic across servers.<\/p>\n<p><\/p>\n<p><strong>Plug-in cookies for sharing social media content:<\/strong><br \/>Only when the user interacts with these plug-ins (e.g. sharing content)<\/p>\n<p><\/p>\n<p>This website uses cookies of this type, which enable it to function and provide the service.<\/p>\n<p><\/p>\n<p><strong>Cookies exempt from consent:<\/strong><\/p>\n<p><\/p>\n<ul>\n<li>Cookies exempt from audience measurement, on a page-by-page basis; consent:<\/li>\n<li>The list of pages from which a link has been followed to reach the current page (sometimes referred to as the \u201creferrer\u201d), whether internal or external to the site, listed by page and updated daily;<\/li>\n<li>Determination of visitors\u2019 device type, browser and screen size, by page and aggregated daily.<\/li>\n<li>Page load time statistics, broken down by page and aggregated by the hour;<\/li>\n<li>Statistics on time spent on each page, bounce rate, and scroll depth, broken down by page and aggregated daily.<\/li>\n<li>Statistics on user actions (clicks, selections), by page and aggregated daily; Page: 4 of 5<\/li>\n<li>Statistics on the geographical origin of requests, by page and aggregated daily.<\/li>\n<\/ul>\n<p><\/p>\n<p>Consequently, any further processing of the data beyond what is set out in these lists, whether by the publisher or the provider, must have the data subject\u2019s consent in order to be considered lawful.<\/p>\n<p><\/p>\n<p>Not exempt: (consent is required)<\/p>\n<p><\/p>\n<h3><strong>TYPES OF COOKIES<\/strong><\/h3>\n<p><\/p>\n<h4><span style=\"text-decoration: underline;\"><strong>Cookies by the entity that manages them:<\/strong><\/span><\/h4>\n<p><\/p>\n<p><strong>First-party cookies:<\/strong> These are sent to the user\u2019s device from a server or domain managed by the website operator itself, from which the service requested by the user is provided.<\/p>\n<p><\/p>\n<p><strong>Third-party cookies:<\/strong> These are sent to the user\u2019s device from a server or domain managed by another organisation that processes the data collected via the cookies. If you accept third-party cookies and wish to delete them, you must do so via your browser settings or via the system provided by the third party.<\/p>\n<p><\/p>\n<h4><span style=\"text-decoration: underline;\"><strong>Cookies classified by how long they remain active:<\/strong><\/span><\/h4>\n<p><\/p>\n<p><strong>Session cookies:<\/strong> These collect and store data whilst the user is accessing the website.<\/p>\n<p><\/p>\n<p><strong>Persistent cookies:<\/strong> These are a type of cookie in which the data remains stored on the user\u2019s device and can be accessed and processed for a period defined by the controller, which may range from a few minutes to several years. In the latter case, when persistent cookies are installed, their duration will be reduced to the minimum necessary, taking into account the purpose for which they are used.<\/p>\n<p><\/p>\n<h4><strong>Cookies by purpose:<\/strong><\/h4>\n<p><\/p>\n<p><strong>Cookies t\u00e9cnicas:<\/strong> Son aquellas que permiten al usuario la navegaci\u00f3n a trav\u00e9s de una p\u00e1gina web, plataforma o aplicaci\u00f3n y la utilizaci\u00f3n de las diferentes opciones o servicios que en ella existan incluyendo aquellas en que el editor utiliza para permitir la gesti\u00f3n y operativa de la p\u00e1gina web y habilitar sus funciones y servicios.<\/p>\n<p><\/p>\n<p><strong>Analytical cookies:<\/strong> These are cookies which, whether managed by the website operator or by third parties, enable the number of users to be counted, thereby allowing for the measurement and statistical analysis of how users utilise the service provided.<\/p>\n<p><\/p>\n<p>To this end, we analyse your browsing activity on the website in order to improve the products and services we offer you.<\/p>\n<p><\/p>\n<p><strong>Preference or personalisation cookies:<\/strong> These enable the system to remember information so that the User can access the service with specific settings that may tailor their experience to that of other users, depending on their browser type, the region from which they are accessing the site, etc. (For example, the language)<\/p>\n<p><\/p>\n<p><strong>Behavioural advertising cookies:<\/strong> These store information about users\u2019 behaviour, obtained through the continuous monitoring of their browsing habits, which enables the creation of a specific profile to display advertising tailored to that profile.<\/p>\n<p><\/p>\n<p><span style=\"text-decoration: underline;\"><em>Examples:<br \/><\/em><\/span>This website uses Google Analytics, a web analytics service developed by Google, Inc., a company based in the United States with its headquarters at 1600 Amphitheatre Parkway, Mountain View, California 94043. To provide these services, cookies are used to collect information, including the user\u2019s IP address, which will be transmitted, processed and stored by Google in accordance with the terms set out. This includes the possible transmission of such information to third parties where required by law or where such third parties process the information on Google\u2019s behalf.<\/p>\n<p><\/p>\n<p>Web analytics provide information regarding the number of Users accessing the website, the number of page views, the frequency and recurrence of visits, their duration, the browser used, the service provider, the language, the device used, or the city to which the IP address is assigned. This information enables this website to provide a better and more appropriate service.<\/p>\n<p><\/p>\n<p><strong>Third-party service providers<\/strong><\/p>\n<p><\/p>\n<p>Specifically, the third parties with whom we have arranged services that require the use of cookies are:<\/p>\n<p>[\/et_pb_text][et_pb_image src=&#8221;data:image\/svg+xml;base64,PHN2ZyB3aWR0aD0iMTA4MCIgaGVpZ2h0PSI1NDAiIHZpZXdCb3g9IjAgMCAxMDgwIDU0MCIgeG1sbnM9Imh0dHA6Ly93d3cudzMub3JnLzIwMDAvc3ZnIj4KICAgIDxnIGZpbGw9Im5vbmUiIGZpbGwtcnVsZT0iZXZlbm9kZCI+CiAgICAgICAgPHBhdGggZmlsbD0iI0VCRUJFQiIgZD0iTTAgMGgxMDgwdjU0MEgweiIvPgogICAgICAgIDxwYXRoIGQ9Ik00NDUuNjQ5IDU0MGgtOTguOTk1TDE0NC42NDkgMzM3Ljk5NSAwIDQ4Mi42NDR2LTk4Ljk5NWwxMTYuMzY1LTExNi4zNjVjMTUuNjItMTUuNjIgNDAuOTQ3LTE1LjYyIDU2LjU2OCAwTDQ0NS42NSA1NDB6IiBmaWxsLW9wYWNpdHk9Ii4xIiBmaWxsPSIjMDAwIiBmaWxsLXJ1bGU9Im5vbnplcm8iLz4KICAgICAgICA8Y2lyY2xlIGZpbGwtb3BhY2l0eT0iLjA1IiBmaWxsPSIjMDAwIiBjeD0iMzMxIiBjeT0iMTQ4IiByPSI3MCIvPgogICAgICAgIDxwYXRoIGQ9Ik0xMDgwIDM3OXYxMTMuMTM3TDcyOC4xNjIgMTQwLjMgMzI4LjQ2MiA1NDBIMjE1LjMyNEw2OTkuODc4IDU1LjQ0NmMxNS42Mi0xNS42MiA0MC45NDgtMTUuNjIgNTYuNTY4IDBMMTA4MCAzNzl6IiBmaWxsLW9wYWNpdHk9Ii4yIiBmaWxsPSIjMDAwIiBmaWxsLXJ1bGU9Im5vbnplcm8iLz4KICAgIDwvZz4KPC9zdmc+Cg==&#8221; _builder_version=&#8221;4.27.6&#8243; _module_preset=&#8221;default&#8221; global_colors_info=&#8221;{}&#8221;][\/et_pb_image][et_pb_text _builder_version=&#8221;4.27.6&#8243; _module_preset=&#8221;default&#8221; text_font=&#8221;Source Sans 3||||||||&#8221; text_text_color=&#8221;#4A4A4A&#8221; text_font_size=&#8221;18px&#8221; text_line_height=&#8221;1.5em&#8221; link_font=&#8221;Source Sans 3||||on|||#76C0C1|&#8221; link_text_color=&#8221;#76C0C1&#8243; header_2_font=&#8221;Source Sans 3|900||on|||||&#8221; header_2_text_color=&#8221;#132C39&#8243; header_2_font_size=&#8221;40px&#8221; header_2_letter_spacing=&#8221;-0.5px&#8221; header_2_line_height=&#8221;1.2em&#8221; header_3_font=&#8221;Source Sans 3|900||on|||||&#8221; header_3_text_color=&#8221;#0C2731&#8243; header_3_font_size=&#8221;28px&#8221; header_4_font=&#8221;Source Sans 3|900|||||||&#8221; header_4_text_color=&#8221;#132C39&#8243; max_width_tablet=&#8221;420px&#8221; max_width_phone=&#8221;90%&#8221; max_width_last_edited=&#8221;on|phone&#8221; module_alignment=&#8221;left&#8221; custom_padding=&#8221;3%||0px||false|false&#8221; header_font_size_tablet=&#8221;&#8221; header_font_size_phone=&#8221;28px&#8221; header_font_size_last_edited=&#8221;on|phone&#8221; header_2_font_size_tablet=&#8221;36px&#8221; header_2_font_size_phone=&#8221;32px&#8221; header_2_font_size_last_edited=&#8221;on|phone&#8221; header_3_font_size_tablet=&#8221;24px&#8221; header_3_font_size_phone=&#8221;20px&#8221; header_3_font_size_last_edited=&#8221;on|phone&#8221; global_colors_info=&#8221;{}&#8221; link_text_color__hover_enabled=&#8221;on|hover&#8221; link_text_color__hover=&#8221;#76C0C1&#8243;]<\/p>\n<p><strong>Acceptance of the Cookie Policy<\/strong><\/p>\n<p><\/p>\n<p>The company displays information about its Cookie Policy on every page of the website whenever you log in, so that you are aware of it.<\/p>\n<p><\/p>\n<p>In light of this information, you can take the following actions:<\/p>\n<p><\/p>\n<ul>\n<li><strong>Accept cookies.<\/strong> This message will not be displayed again when you access any page on the website during this session.<\/li>\n<li><strong>Settings:<\/strong> You can change your cookie settings and\/or block cookies.<\/li>\n<\/ul>\n<p>[\/et_pb_text][et_pb_button button_url=&#8221;https:\/\/www.jmcifrepiscinas.com\/en\/&#8221; url_new_window=&#8221;on&#8221; button_text=&#8221;Back to home&#8221; button_alignment=&#8221;left&#8221; disabled_on=&#8221;off|off|off&#8221; _builder_version=&#8221;4.27.6&#8243; _module_preset=&#8221;default&#8221; custom_button=&#8221;on&#8221; button_text_size=&#8221;15px&#8221; button_text_color=&#8221;#FFFFFF&#8221; button_bg_color=&#8221;#132C39&#8243; button_border_color=&#8221;#102C38&#8243; button_border_radius=&#8221;8px&#8221; button_font=&#8221;Source Sans 3|900||on|||||&#8221; button_icon=&#8221;&#xf061;||fa||900&#8243; button_icon_color=&#8221;#8BC7C9&#8243; button_on_hover=&#8221;off&#8221; custom_margin=&#8221;1%|30px|0px|0px|false|false&#8221; custom_margin_tablet=&#8221;0px|30px|0px|0px|false|false&#8221; custom_margin_phone=&#8221;0px|0px|3%|0px|false|false&#8221; custom_margin_last_edited=&#8221;on|phone&#8221; custom_padding=&#8221;13px|50px|15px|35px|false|false&#8221; custom_padding_tablet=&#8221;13px|55px|15px|35px|false|false&#8221; custom_padding_phone=&#8221;13px|45px|15px|30px|false|false&#8221; custom_padding_last_edited=&#8221;on|phone&#8221; global_colors_info=&#8221;{}&#8221; button_text_color__hover=&#8221;#132C39&#8243; button_text_color__hover_enabled=&#8221;on|hover&#8221; button_bg_color__hover=&#8221;#8BC7C9&#8243; button_bg_color__hover_enabled=&#8221;on|desktop&#8221; button_border_color__hover=&#8221;#8CC7C7&#8243; button_border_color__hover_enabled=&#8221;on|hover&#8221; button_letter_spacing__hover=&#8221;0px&#8221; button_letter_spacing__hover_enabled=&#8221;on|hover&#8221; button_bg_enable_color__hover=&#8221;on&#8221; button_icon_color__hover=&#8221;#FFFFFF&#8221; button_icon_color__hover_enabled=&#8221;on|hover&#8221;][\/et_pb_button][\/et_pb_column][\/et_pb_row][\/et_pb_section]<\/p>\n","protected":false},"excerpt":{"rendered":"<p>Cookie PolicyThe company that owns this website is JM CIFRE PISCINAS, and it would like to inform you about the use of cookies on this website:Cookies are files that may be downloaded to your computer via the websites you visit. They are tools that play an essential role in the provision of numerous information society [&hellip;]<\/p>\n","protected":false},"author":1,"featured_media":0,"parent":0,"menu_order":0,"comment_status":"closed","ping_status":"closed","template":"","meta":{"_et_pb_use_builder":"on","_et_pb_old_content":"","_et_gb_content_width":"","footnotes":""},"class_list":["post-1038","page","type-page","status-publish","hentry"],"yoast_head":"<!-- This site is optimized with the Yoast SEO plugin v27.5 - https:\/\/yoast.com\/product\/yoast-seo-wordpress\/ -->\n<title>Cookie Policy - JMCIFRE<\/title>\n<meta name=\"robots\" content=\"noindex, nofollow\" \/>\n<meta property=\"og:locale\" content=\"en_US\" \/>\n<meta property=\"og:type\" content=\"article\" \/>\n<meta property=\"og:title\" content=\"Cookie Policy - JMCIFRE\" \/>\n<meta property=\"og:description\" content=\"Cookie PolicyThe company that owns this website is JM CIFRE PISCINAS, and it would like to inform you about the use of cookies on this website:Cookies are files that may be downloaded to your computer via the websites you visit. They are tools that play an essential role in the provision of numerous information society [&hellip;]\" \/>\n<meta property=\"og:url\" content=\"https:\/\/www.jmcifrepiscinas.com\/en\/cookie-policy\/\" \/>\n<meta property=\"og:site_name\" content=\"JMCIFRE\" \/>\n<meta property=\"article:modified_time\" content=\"2026-03-25T14:24:44+00:00\" \/>\n<meta name=\"twitter:card\" content=\"summary_large_image\" \/>\n<meta name=\"twitter:label1\" content=\"Est. reading time\" \/>\n\t<meta name=\"twitter:data1\" content=\"10 minutes\" \/>\n<script type=\"application\/ld+json\" class=\"yoast-schema-graph\">{\"@context\":\"https:\\\/\\\/schema.org\",\"@graph\":[{\"@type\":\"WebPage\",\"@id\":\"https:\\\/\\\/www.jmcifrepiscinas.com\\\/en\\\/cookie-policy\\\/\",\"url\":\"https:\\\/\\\/www.jmcifrepiscinas.com\\\/en\\\/cookie-policy\\\/\",\"name\":\"Cookie Policy - JMCIFRE\",\"isPartOf\":{\"@id\":\"https:\\\/\\\/www.jmcifrepiscinas.com\\\/en\\\/#website\"},\"datePublished\":\"2026-03-03T09:54:43+00:00\",\"dateModified\":\"2026-03-25T14:24:44+00:00\",\"breadcrumb\":{\"@id\":\"https:\\\/\\\/www.jmcifrepiscinas.com\\\/en\\\/cookie-policy\\\/#breadcrumb\"},\"inLanguage\":\"en-US\",\"potentialAction\":[{\"@type\":\"ReadAction\",\"target\":[\"https:\\\/\\\/www.jmcifrepiscinas.com\\\/en\\\/cookie-policy\\\/\"]}]},{\"@type\":\"BreadcrumbList\",\"@id\":\"https:\\\/\\\/www.jmcifrepiscinas.com\\\/en\\\/cookie-policy\\\/#breadcrumb\",\"itemListElement\":[{\"@type\":\"ListItem\",\"position\":1,\"name\":\"Portada\",\"item\":\"https:\\\/\\\/www.jmcifrepiscinas.com\\\/en\\\/\"},{\"@type\":\"ListItem\",\"position\":2,\"name\":\"Cookie Policy\"}]},{\"@type\":\"WebSite\",\"@id\":\"https:\\\/\\\/www.jmcifrepiscinas.com\\\/en\\\/#website\",\"url\":\"https:\\\/\\\/www.jmcifrepiscinas.com\\\/en\\\/\",\"name\":\"JMCIFRE\",\"description\":\"Piscinas\",\"potentialAction\":[{\"@type\":\"SearchAction\",\"target\":{\"@type\":\"EntryPoint\",\"urlTemplate\":\"https:\\\/\\\/www.jmcifrepiscinas.com\\\/en\\\/?s={search_term_string}\"},\"query-input\":{\"@type\":\"PropertyValueSpecification\",\"valueRequired\":true,\"valueName\":\"search_term_string\"}}],\"inLanguage\":\"en-US\"}]}<\/script>\n<!-- \/ Yoast SEO plugin. -->","yoast_head_json":{"title":"Cookie Policy - JMCIFRE","robots":{"index":"noindex","follow":"nofollow"},"og_locale":"en_US","og_type":"article","og_title":"Cookie Policy - JMCIFRE","og_description":"Cookie PolicyThe company that owns this website is JM CIFRE PISCINAS, and it would like to inform you about the use of cookies on this website:Cookies are files that may be downloaded to your computer via the websites you visit. They are tools that play an essential role in the provision of numerous information society [&hellip;]","og_url":"https:\/\/www.jmcifrepiscinas.com\/en\/cookie-policy\/","og_site_name":"JMCIFRE","article_modified_time":"2026-03-25T14:24:44+00:00","twitter_card":"summary_large_image","twitter_misc":{"Est. reading time":"10 minutes"},"schema":{"@context":"https:\/\/schema.org","@graph":[{"@type":"WebPage","@id":"https:\/\/www.jmcifrepiscinas.com\/en\/cookie-policy\/","url":"https:\/\/www.jmcifrepiscinas.com\/en\/cookie-policy\/","name":"Cookie Policy - JMCIFRE","isPartOf":{"@id":"https:\/\/www.jmcifrepiscinas.com\/en\/#website"},"datePublished":"2026-03-03T09:54:43+00:00","dateModified":"2026-03-25T14:24:44+00:00","breadcrumb":{"@id":"https:\/\/www.jmcifrepiscinas.com\/en\/cookie-policy\/#breadcrumb"},"inLanguage":"en-US","potentialAction":[{"@type":"ReadAction","target":["https:\/\/www.jmcifrepiscinas.com\/en\/cookie-policy\/"]}]},{"@type":"BreadcrumbList","@id":"https:\/\/www.jmcifrepiscinas.com\/en\/cookie-policy\/#breadcrumb","itemListElement":[{"@type":"ListItem","position":1,"name":"Portada","item":"https:\/\/www.jmcifrepiscinas.com\/en\/"},{"@type":"ListItem","position":2,"name":"Cookie Policy"}]},{"@type":"WebSite","@id":"https:\/\/www.jmcifrepiscinas.com\/en\/#website","url":"https:\/\/www.jmcifrepiscinas.com\/en\/","name":"JMCIFRE","description":"Piscinas","potentialAction":[{"@type":"SearchAction","target":{"@type":"EntryPoint","urlTemplate":"https:\/\/www.jmcifrepiscinas.com\/en\/?s={search_term_string}"},"query-input":{"@type":"PropertyValueSpecification","valueRequired":true,"valueName":"search_term_string"}}],"inLanguage":"en-US"}]}},"_links":{"self":[{"href":"https:\/\/www.jmcifrepiscinas.com\/en\/wp-json\/wp\/v2\/pages\/1038","targetHints":{"allow":["GET"]}}],"collection":[{"href":"https:\/\/www.jmcifrepiscinas.com\/en\/wp-json\/wp\/v2\/pages"}],"about":[{"href":"https:\/\/www.jmcifrepiscinas.com\/en\/wp-json\/wp\/v2\/types\/page"}],"author":[{"embeddable":true,"href":"https:\/\/www.jmcifrepiscinas.com\/en\/wp-json\/wp\/v2\/users\/1"}],"replies":[{"embeddable":true,"href":"https:\/\/www.jmcifrepiscinas.com\/en\/wp-json\/wp\/v2\/comments?post=1038"}],"version-history":[{"count":2,"href":"https:\/\/www.jmcifrepiscinas.com\/en\/wp-json\/wp\/v2\/pages\/1038\/revisions"}],"predecessor-version":[{"id":1040,"href":"https:\/\/www.jmcifrepiscinas.com\/en\/wp-json\/wp\/v2\/pages\/1038\/revisions\/1040"}],"wp:attachment":[{"href":"https:\/\/www.jmcifrepiscinas.com\/en\/wp-json\/wp\/v2\/media?parent=1038"}],"curies":[{"name":"wp","href":"https:\/\/api.w.org\/{rel}","templated":true}]}}